{"id":1091,"date":"2024-10-02T15:25:47","date_gmt":"2024-10-02T13:25:47","guid":{"rendered":"https:\/\/legosmide.se\/?page_id=1091"},"modified":"2024-11-04T09:55:33","modified_gmt":"2024-11-04T08:55:33","slug":"laserskarning-eskilstuna","status":"publish","type":"page","link":"https:\/\/legosmide.se\/en\/laserskarning-eskilstuna\/","title":{"rendered":"Lasersk\u00e4rning Eskilstuna"},"content":{"rendered":"\t\t<div data-elementor-type=\"wp-page\" data-elementor-id=\"1091\" class=\"elementor elementor-1091\" data-elementor-post-type=\"page\">\n\t\t\t\t<div class=\"elementor-element elementor-element-77e543b e-flex e-con-boxed e-con e-parent\" data-id=\"77e543b\" data-element_type=\"container\" data-e-type=\"container\">\n\t\t\t\t\t<div class=\"e-con-inner\">\n\t\t<div class=\"elementor-element elementor-element-e7c015f e-con-full e-flex e-con e-child\" data-id=\"e7c015f\" data-element_type=\"container\" data-e-type=\"container\">\n\t\t\t\t<div class=\"elementor-element elementor-element-6b7c01a elementor-widget elementor-widget-heading\" data-id=\"6b7c01a\" data-element_type=\"widget\" data-e-type=\"widget\" data-widget_type=\"heading.default\">\n\t\t\t\t<div class=\"elementor-widget-container\">\n\t\t\t\t\t<h1 class=\"elementor-heading-title elementor-size-default\">Lasersk\u00e4rning Eskilstuna <\/h1>\t\t\t\t<\/div>\n\t\t\t\t<\/div>\n\t\t\t\t<div class=\"elementor-element elementor-element-bc9d1c2 elementor-widget-divider--view-line elementor-widget elementor-widget-divider\" data-id=\"bc9d1c2\" data-element_type=\"widget\" data-e-type=\"widget\" data-widget_type=\"divider.default\">\n\t\t\t\t<div class=\"elementor-widget-container\">\n\t\t\t\t\t\t\t<div class=\"elementor-divider\">\n\t\t\t<span class=\"elementor-divider-separator\">\n\t\t\t\t\t\t<\/span>\n\t\t<\/div>\n\t\t\t\t\t\t<\/div>\n\t\t\t\t<\/div>\n\t\t\t\t<div class=\"elementor-element elementor-element-078b594 elementor-widget elementor-widget-text-editor\" data-id=\"078b594\" data-element_type=\"widget\" data-e-type=\"widget\" data-widget_type=\"text-editor.default\">\n\t\t\t\t<div class=\"elementor-widget-container\">\n\t\t\t\t\t\t\t\t\t<p>Legosmide erbjuder <a href=\"https:\/\/legosmide.se\/laserskarning\/\">lasersk\u00e4rning<\/a> i Eskilstuna f\u00f6r f\u00f6retag som beh\u00f6ver exakta, h\u00e5llbara och effektiva komponenter i sina projekt. \u00c4ven om Legosmide inte \u00e4r baserat i Eskilstuna, erbjuder vi l\u00f6sningar f\u00f6r f\u00f6retag i omr\u00e5det som s\u00f6ker h\u00f6gkvalitativ lasersk\u00e4rning. Med modern laserteknik s\u00e4kerst\u00e4lls en h\u00f6g grad av precision, vilket g\u00f6r att \u00e4ven de mest komplexa formerna kan sk\u00e4ras med exakta toleranser. Lasersk\u00e4rning \u00e4r en kontaktfri metod som minimerar risken f\u00f6r materialskador och eliminerar behovet av omfattande efterbehandling.<\/p>\n<h2><strong>Varf\u00f6r v\u00e4lja lasersk\u00e4rning hos Legosmide?<\/strong><\/h2>\n<p>Lasersk\u00e4rning Eskilstuna \u00e4r en optimal l\u00f6sning f\u00f6r f\u00f6retag som beh\u00f6ver snabba omst\u00e4llningar och skr\u00e4ddarsydda l\u00f6sningar. Hos Legosmide anv\u00e4nder vi lasersk\u00e4rning f\u00f6r att hantera st\u00e5l, aluminium och andra metaller, vilket g\u00f6r det m\u00f6jligt att producera delar som klarar tuffa krav p\u00e5 kvalitet och h\u00e5llbarhet. Genom att kombinera v\u00e5r erfarenhet med avancerad utrustning kan vi leverera komponenter med h\u00f6g noggrannhet och korta ledtider.<\/p>\t\t\t\t\t\t\t\t<\/div>\n\t\t\t\t<\/div>\n\t\t\t\t<div class=\"elementor-element elementor-element-17ca406 elementor-align-left elementor-widget elementor-widget-button\" data-id=\"17ca406\" data-element_type=\"widget\" data-e-type=\"widget\" data-widget_type=\"button.default\">\n\t\t\t\t<div class=\"elementor-widget-container\">\n\t\t\t\t\t\t\t\t\t<div class=\"elementor-button-wrapper\">\n\t\t\t\t\t<a class=\"elementor-button elementor-button-link elementor-size-sm\" href=\"https:\/\/legosmide.se\/kontakt\/\">\n\t\t\t\t\t\t<span class=\"elementor-button-content-wrapper\">\n\t\t\t\t\t\t\t\t\t<span class=\"elementor-button-text\">Kontakta oss<\/span>\n\t\t\t\t\t<\/span>\n\t\t\t\t\t<\/a>\n\t\t\t\t<\/div>\n\t\t\t\t\t\t\t\t<\/div>\n\t\t\t\t<\/div>\n\t\t\t\t<\/div>\n\t\t<div class=\"elementor-element elementor-element-0fedbb3 e-con-full e-flex e-con e-child\" data-id=\"0fedbb3\" data-element_type=\"container\" data-e-type=\"container\">\n\t\t\t\t<div class=\"elementor-element elementor-element-cd4cc31 elementor-widget elementor-widget-image\" data-id=\"cd4cc31\" data-element_type=\"widget\" data-e-type=\"widget\" data-widget_type=\"image.default\">\n\t\t\t\t<div class=\"elementor-widget-container\">\n\t\t\t\t\t\t\t\t\t\t\t\t\t\t\t<img fetchpriority=\"high\" decoding=\"async\" width=\"800\" height=\"494\" src=\"https:\/\/legosmide.se\/wp-content\/uploads\/3d-laserskarning-legosmide-1024x632.png\" class=\"attachment-large size-large wp-image-973\" alt=\"3d lasersk\u00e4rning legosmide\" srcset=\"https:\/\/legosmide.se\/wp-content\/uploads\/3d-laserskarning-legosmide-1024x632.png 1024w, https:\/\/legosmide.se\/wp-content\/uploads\/3d-laserskarning-legosmide-300x185.png 300w, https:\/\/legosmide.se\/wp-content\/uploads\/3d-laserskarning-legosmide-768x474.png 768w, https:\/\/legosmide.se\/wp-content\/uploads\/3d-laserskarning-legosmide.png 1050w\" sizes=\"(max-width: 800px) 100vw, 800px\" \/>\t\t\t\t\t\t\t\t\t\t\t\t\t\t\t<\/div>\n\t\t\t\t<\/div>\n\t\t\t\t<\/div>\n\t\t\t\t\t<\/div>\n\t\t\t\t<\/div>\n\t\t<div class=\"elementor-element elementor-element-d892c92 e-flex e-con-boxed e-con e-parent\" data-id=\"d892c92\" data-element_type=\"container\" data-e-type=\"container\">\n\t\t\t\t\t<div class=\"e-con-inner\">\n\t\t\t\t\t<\/div>\n\t\t\t\t<\/div>\n\t\t<div class=\"elementor-element elementor-element-48d4a13 e-flex e-con-boxed e-con e-parent\" data-id=\"48d4a13\" data-element_type=\"container\" data-e-type=\"container\">\n\t\t\t\t\t<div class=\"e-con-inner\">\n\t\t\t\t<div class=\"elementor-element elementor-element-a99070b elementor-widget elementor-widget-heading\" data-id=\"a99070b\" data-element_type=\"widget\" data-e-type=\"widget\" data-widget_type=\"heading.default\">\n\t\t\t\t<div class=\"elementor-widget-container\">\n\t\t\t\t\t<h2 class=\"elementor-heading-title elementor-size-default\">Anv\u00e4ndningsomr\u00e5den f\u00f6r lasersk\u00e4rning<\/h2>\t\t\t\t<\/div>\n\t\t\t\t<\/div>\n\t\t\t\t<div class=\"elementor-element elementor-element-a8100c9 elementor-widget elementor-widget-text-editor\" data-id=\"a8100c9\" data-element_type=\"widget\" data-e-type=\"widget\" data-widget_type=\"text-editor.default\">\n\t\t\t\t<div class=\"elementor-widget-container\">\n\t\t\t\t\t\t\t\t\t<p>Lasersk\u00e4rning \u00e4r en m\u00e5ngsidig teknik som anv\u00e4nds inom en rad olika sektorer:<\/p><ul><li><strong>Jordbruk<\/strong>: Legosmide levererar laserskurna delar till jordbruksmaskiner, inklusive slitdelar som m\u00e5ste klara extrema f\u00f6rh\u00e5llanden.<\/li><li><strong>Ingenj\u00f6rsteknik<\/strong>: F\u00f6r ingenj\u00f6rsprojekt bidrar v\u00e5ra laserskurna komponenter till att st\u00e4rka maskiner och robotar som kr\u00e4ver h\u00f6g precision och h\u00e5llbarhet.<\/li><li><strong>Byggutrustning<\/strong>: F\u00f6r bygg- och skogsbruksindustrin erbjuder vi komponenter som klarar tuffa milj\u00f6er, vilket s\u00e4kerst\u00e4ller l\u00e5ng h\u00e5llbarhet och prestanda f\u00f6r maskiner som anv\u00e4nds under extrema f\u00f6rh\u00e5llanden.<\/li><\/ul>\t\t\t\t\t\t\t\t<\/div>\n\t\t\t\t<\/div>\n\t\t\t\t<div class=\"elementor-element elementor-element-a55391b elementor-widget-divider--view-line elementor-widget elementor-widget-divider\" data-id=\"a55391b\" data-element_type=\"widget\" data-e-type=\"widget\" data-widget_type=\"divider.default\">\n\t\t\t\t<div class=\"elementor-widget-container\">\n\t\t\t\t\t\t\t<div class=\"elementor-divider\">\n\t\t\t<span class=\"elementor-divider-separator\">\n\t\t\t\t\t\t<\/span>\n\t\t<\/div>\n\t\t\t\t\t\t<\/div>\n\t\t\t\t<\/div>\n\t\t\t\t\t<\/div>\n\t\t\t\t<\/div>\n\t\t<div class=\"elementor-element elementor-element-24f9724 e-flex e-con-boxed e-con e-parent\" data-id=\"24f9724\" data-element_type=\"container\" data-e-type=\"container\">\n\t\t\t\t\t<div class=\"e-con-inner\">\n\t\t\t\t<div class=\"elementor-element elementor-element-23ab239 elementor-widget elementor-widget-text-editor\" data-id=\"23ab239\" data-element_type=\"widget\" data-e-type=\"widget\" data-widget_type=\"text-editor.default\">\n\t\t\t\t<div class=\"elementor-widget-container\">\n\t\t\t\t\t\t\t\t\t<h2><strong>Kontakta Legosmide f\u00f6r lasersk\u00e4rning Eskilstuna<\/strong><\/h2><p>Beh\u00f6ver ditt f\u00f6retag laserskurna delar f\u00f6r komplicerade projekt? Legosmide erbjuder lasersk\u00e4rning i Eskilstuna med fokus p\u00e5 precision, snabbhet och anpassade l\u00f6sningar. Oavsett om du arbetar inom jordbruk, ingenj\u00f6rsteknik eller byggindustrin kan vi tillhandah\u00e5lla komponenter som m\u00f6ter dina specifika behov. <a href=\"https:\/\/legosmide.se\/kontakt\/\">Kontakta oss<\/a> idag f\u00f6r mer information om hur vi kan hj\u00e4lpa dig.<\/p>\t\t\t\t\t\t\t\t<\/div>\n\t\t\t\t<\/div>\n\t\t\t\t\t<\/div>\n\t\t\t\t<\/div>\n\t\t<div class=\"elementor-element elementor-element-3cbc6fc e-flex e-con-boxed e-con e-parent\" data-id=\"3cbc6fc\" data-element_type=\"container\" data-e-type=\"container\">\n\t\t\t\t\t<div class=\"e-con-inner\">\n\t\t\t\t<div class=\"elementor-element elementor-element-1feb83b elementor-widget-tablet__width-inherit elementor-button-align-stretch elementor-widget elementor-widget-form\" data-id=\"1feb83b\" data-element_type=\"widget\" data-e-type=\"widget\" data-settings=\"{&quot;step_next_label&quot;:&quot;Next&quot;,&quot;step_previous_label&quot;:&quot;Previous&quot;,&quot;button_width&quot;:&quot;100&quot;,&quot;step_type&quot;:&quot;number_text&quot;,&quot;step_icon_shape&quot;:&quot;circle&quot;}\" data-widget_type=\"form.default\">\n\t\t\t\t<div class=\"elementor-widget-container\">\n\t\t\t\t\t\t\t<form class=\"elementor-form\" method=\"post\" name=\"WorkShop\" aria-label=\"WorkShop\">\n\t\t\t<input type=\"hidden\" name=\"post_id\" value=\"1091\"\/>\n\t\t\t<input type=\"hidden\" name=\"form_id\" value=\"1feb83b\"\/>\n\t\t\t<input type=\"hidden\" name=\"referer_title\" value=\"Lasersk\u00e4rning Eskilstuna - Exakt och h\u00e5llbar tillverkning\" \/>\n\n\t\t\t\t\t\t\t<input type=\"hidden\" name=\"queried_id\" value=\"1091\"\/>\n\t\t\t\n\t\t\t<div class=\"elementor-form-fields-wrapper elementor-labels-\">\n\t\t\t\t\t\t\t\t<div class=\"elementor-field-type-text elementor-field-group elementor-column elementor-field-group-name elementor-col-100\">\n\t\t\t\t\t\t\t\t\t\t\t\t<label for=\"form-field-name\" class=\"elementor-field-label elementor-screen-only\">\n\t\t\t\t\t\t\t\tName\t\t\t\t\t\t\t<\/label>\n\t\t\t\t\t\t\t\t\t\t\t\t\t\t<input size=\"1\" type=\"text\" name=\"form_fields[name]\" id=\"form-field-name\" class=\"elementor-field elementor-size-lg  elementor-field-textual\" placeholder=\"Namn\">\n\t\t\t\t\t\t\t\t\t\t\t<\/div>\n\t\t\t\t\t\t\t\t<div class=\"elementor-field-type-email elementor-field-group elementor-column elementor-field-group-email elementor-col-100 elementor-field-required\">\n\t\t\t\t\t\t\t\t\t\t\t\t<label for=\"form-field-email\" class=\"elementor-field-label elementor-screen-only\">\n\t\t\t\t\t\t\t\tE-post\t\t\t\t\t\t\t<\/label>\n\t\t\t\t\t\t\t\t\t\t\t\t\t\t<input size=\"1\" type=\"email\" name=\"form_fields[email]\" id=\"form-field-email\" class=\"elementor-field elementor-size-lg  elementor-field-textual\" placeholder=\"E-post\" required=\"required\">\n\t\t\t\t\t\t\t\t\t\t\t<\/div>\n\t\t\t\t\t\t\t\t<div class=\"elementor-field-type-textarea elementor-field-group elementor-column elementor-field-group-field_b5ce36f elementor-col-100\">\n\t\t\t\t\t\t\t\t\t\t\t\t<label for=\"form-field-field_b5ce36f\" class=\"elementor-field-label elementor-screen-only\">\n\t\t\t\t\t\t\t\tYour message\t\t\t\t\t\t\t<\/label>\n\t\t\t\t\t\t<textarea class=\"elementor-field-textual elementor-field  elementor-size-lg\" name=\"form_fields[field_b5ce36f]\" id=\"form-field-field_b5ce36f\" rows=\"10\" placeholder=\"Ditt meddelande\"><\/textarea>\t\t\t\t<\/div>\n\t\t\t\t\t\t\t\t<div class=\"elementor-field-group elementor-column elementor-field-type-submit elementor-col-100 e-form__buttons\">\n\t\t\t\t\t<button class=\"elementor-button elementor-size-md elementor-animation-grow\" type=\"submit\">\n\t\t\t\t\t\t<span class=\"elementor-button-content-wrapper\">\n\t\t\t\t\t\t\t\t\t\t\t\t\t\t\t\t\t\t\t\t\t\t<span class=\"elementor-button-text\">Skicka<\/span>\n\t\t\t\t\t\t\t\t\t\t\t\t\t<\/span>\n\t\t\t\t\t<\/button>\n\t\t\t\t<\/div>\n\t\t\t<\/div>\n\t\t<\/form>\n\t\t\t\t\t\t<\/div>\n\t\t\t\t<\/div>\n\t\t\t\t\t<\/div>\n\t\t\t\t<\/div>\n\t\t\t\t<\/div>\n\t\t","protected":false},"excerpt":{"rendered":"<p>Lasersk\u00e4rning Eskilstuna Legosmide erbjuder lasersk\u00e4rning i Eskilstuna f\u00f6r f\u00f6retag som beh\u00f6ver exakta, h\u00e5llbara och effektiva komponenter i sina projekt. \u00c4ven om Legosmide inte \u00e4r baserat i Eskilstuna, erbjuder vi l\u00f6sningar f\u00f6r f\u00f6retag i omr\u00e5det som s\u00f6ker h\u00f6gkvalitativ lasersk\u00e4rning. Med modern laserteknik s\u00e4kerst\u00e4lls en h\u00f6g grad av precision, vilket g\u00f6r att \u00e4ven de mest komplexa formerna [&hellip;]<\/p>\n","protected":false},"author":5,"featured_media":0,"parent":0,"menu_order":0,"comment_status":"closed","ping_status":"closed","template":"","meta":{"footnotes":""},"class_list":["post-1091","page","type-page","status-publish","hentry"],"_links":{"self":[{"href":"https:\/\/legosmide.se\/en\/wp-json\/wp\/v2\/pages\/1091","targetHints":{"allow":["GET"]}}],"collection":[{"href":"https:\/\/legosmide.se\/en\/wp-json\/wp\/v2\/pages"}],"about":[{"href":"https:\/\/legosmide.se\/en\/wp-json\/wp\/v2\/types\/page"}],"author":[{"embeddable":true,"href":"https:\/\/legosmide.se\/en\/wp-json\/wp\/v2\/users\/5"}],"replies":[{"embeddable":true,"href":"https:\/\/legosmide.se\/en\/wp-json\/wp\/v2\/comments?post=1091"}],"version-history":[{"count":25,"href":"https:\/\/legosmide.se\/en\/wp-json\/wp\/v2\/pages\/1091\/revisions"}],"predecessor-version":[{"id":1176,"href":"https:\/\/legosmide.se\/en\/wp-json\/wp\/v2\/pages\/1091\/revisions\/1176"}],"wp:attachment":[{"href":"https:\/\/legosmide.se\/en\/wp-json\/wp\/v2\/media?parent=1091"}],"curies":[{"name":"wp","href":"https:\/\/api.w.org\/{rel}","templated":true}]}}