{"id":1115,"date":"2024-10-16T15:59:59","date_gmt":"2024-10-16T13:59:59","guid":{"rendered":"https:\/\/legosmide.se\/?page_id=1115"},"modified":"2026-02-02T11:39:57","modified_gmt":"2026-02-02T10:39:57","slug":"om-oss","status":"publish","type":"page","link":"https:\/\/legosmide.se\/en\/om-oss\/","title":{"rendered":"About"},"content":{"rendered":"<div data-elementor-type=\"wp-page\" data-elementor-id=\"1115\" class=\"elementor elementor-1115\" data-elementor-post-type=\"page\">\n\t\t\t\t<div class=\"elementor-element elementor-element-876193c e-flex e-con-boxed e-con e-parent\" data-id=\"876193c\" data-element_type=\"container\" data-e-type=\"container\" data-settings=\"{&quot;background_background&quot;:&quot;classic&quot;}\">\n\t\t\t\t\t<div class=\"e-con-inner\">\n\t\t<div class=\"elementor-element elementor-element-c4de132 e-flex e-con-boxed e-con e-child\" data-id=\"c4de132\" data-element_type=\"container\" data-e-type=\"container\">\n\t\t\t\t\t<div class=\"e-con-inner\">\n\t\t<div class=\"elementor-element elementor-element-35dc5ae e-con-full e-flex e-con e-child\" data-id=\"35dc5ae\" data-element_type=\"container\" data-e-type=\"container\">\n\t\t\t\t<div class=\"elementor-element elementor-element-e1fa942 animated-fast elementor-invisible elementor-widget elementor-widget-heading\" data-id=\"e1fa942\" data-element_type=\"widget\" data-e-type=\"widget\" data-settings=\"{&quot;_animation&quot;:&quot;slideInUp&quot;}\" data-widget_type=\"heading.default\">\n\t\t\t\t<div class=\"elementor-widget-container\">\n\t\t\t\t\t<h1 class=\"elementor-heading-title elementor-size-default\">We are a Swedish<br \/>company with<br \/>outstanding qualities<\/h1>\t\t\t\t<\/div>\n\t\t\t\t<\/div>\n\t\t\t\t<\/div>\n\t\t<div class=\"elementor-element elementor-element-6426116 e-con-full e-flex e-con e-child\" data-id=\"6426116\" data-element_type=\"container\" data-e-type=\"container\">\n\t\t\t\t<div class=\"elementor-element elementor-element-0b46310 elementor-widget-tablet__width-inherit elementor-widget elementor-widget-text-editor\" data-id=\"0b46310\" data-element_type=\"widget\" data-e-type=\"widget\" data-widget_type=\"text-editor.default\">\n\t\t\t\t<div class=\"elementor-widget-container\">\n\t\t\t\t\t\t\t\t\t<p>There is much to say about us, because in reality, it\u2019s all about you. Your needs and requirements are the reason we go to work every day \u2013 they are why we exist. Our knowledge, experience, and skilled employees make it possible for us to meet your expectations.<\/p>\t\t\t\t\t\t\t\t<\/div>\n\t\t\t\t<\/div>\n\t\t\t\t<\/div>\n\t\t\t\t\t<\/div>\n\t\t\t\t<\/div>\n\t\t<div class=\"elementor-element elementor-element-e4a8d6d e-con-full e-flex e-con e-child\" data-id=\"e4a8d6d\" data-element_type=\"container\" data-e-type=\"container\">\n\t\t\t\t<div class=\"elementor-element elementor-element-b24ded7 elementor-widget__width-initial elementor-position-top elementor-invisible elementor-widget elementor-widget-image-box\" data-id=\"b24ded7\" data-element_type=\"widget\" data-e-type=\"widget\" data-settings=\"{&quot;_animation&quot;:&quot;fadeIn&quot;}\" data-widget_type=\"image-box.default\">\n\t\t\t\t<div class=\"elementor-widget-container\">\n\t\t\t\t\t<div class=\"elementor-image-box-wrapper\"><figure class=\"elementor-image-box-img\"><img fetchpriority=\"high\" decoding=\"async\" width=\"1920\" height=\"1280\" src=\"https:\/\/legosmide.se\/wp-content\/uploads\/Bild_0289_ex.jpg\" class=\"attachment-full size-full wp-image-760\" alt=\"Legosmide Employees\" srcset=\"https:\/\/legosmide.se\/wp-content\/uploads\/Bild_0289_ex.jpg 1920w, https:\/\/legosmide.se\/wp-content\/uploads\/Bild_0289_ex-300x200.jpg 300w, https:\/\/legosmide.se\/wp-content\/uploads\/Bild_0289_ex-1024x683.jpg 1024w, https:\/\/legosmide.se\/wp-content\/uploads\/Bild_0289_ex-768x512.jpg 768w, https:\/\/legosmide.se\/wp-content\/uploads\/Bild_0289_ex-1536x1024.jpg 1536w\" sizes=\"(max-width: 1920px) 100vw, 1920px\" \/><\/figure><div class=\"elementor-image-box-content\"><h3 class=\"elementor-image-box-title\">Shifting up<\/h3><p class=\"elementor-image-box-description\">Legosmide was founded in Katrineholm in the 1960s. Over the years, the name, ownership, and products have changed, and in 2023 the company was acquired by Kvarngruppen AB. Legosmide has built its reputation on high quality and on-time deliveries. The new owners and management have brought greater expertise, higher ambitions, and a mindset where nothing is impossible.<\/p><\/div><\/div>\t\t\t\t<\/div>\n\t\t\t\t<\/div>\n\t\t\t\t<div class=\"elementor-element elementor-element-8d012db elementor-widget__width-initial elementor-position-top elementor-invisible elementor-widget elementor-widget-image-box\" data-id=\"8d012db\" data-element_type=\"widget\" data-e-type=\"widget\" data-settings=\"{&quot;_animation&quot;:&quot;fadeIn&quot;}\" data-widget_type=\"image-box.default\">\n\t\t\t\t<div class=\"elementor-widget-container\">\n\t\t\t\t\t<div class=\"elementor-image-box-wrapper\"><figure class=\"elementor-image-box-img\"><img decoding=\"async\" width=\"1920\" height=\"1280\" src=\"https:\/\/legosmide.se\/wp-content\/uploads\/Bild_0305_ex.jpg\" class=\"attachment-full size-full wp-image-762\" alt=\"powdercoating\" srcset=\"https:\/\/legosmide.se\/wp-content\/uploads\/Bild_0305_ex.jpg 1920w, https:\/\/legosmide.se\/wp-content\/uploads\/Bild_0305_ex-300x200.jpg 300w, https:\/\/legosmide.se\/wp-content\/uploads\/Bild_0305_ex-1024x683.jpg 1024w, https:\/\/legosmide.se\/wp-content\/uploads\/Bild_0305_ex-768x512.jpg 768w, https:\/\/legosmide.se\/wp-content\/uploads\/Bild_0305_ex-1536x1024.jpg 1536w\" sizes=\"(max-width: 1920px) 100vw, 1920px\" \/><\/figure><div class=\"elementor-image-box-content\"><h3 class=\"elementor-image-box-title\">Going global<\/h3><p class=\"elementor-image-box-description\">Legosmide is going global. Production is shifting from workshop to industry, and the scaling-up process has begun. The strong traditions of reliability and quality remain, but today we work with continuous improvements. We optimize and streamline, we automate and develop expertise. We are moving forward and upward \u2013 quickly and steadily.\n<\/p><\/div><\/div>\t\t\t\t<\/div>\n\t\t\t\t<\/div>\n\t\t\t\t<div class=\"elementor-element elementor-element-898f516 elementor-widget__width-initial elementor-position-top elementor-invisible elementor-widget elementor-widget-image-box\" data-id=\"898f516\" data-element_type=\"widget\" data-e-type=\"widget\" data-settings=\"{&quot;_animation&quot;:&quot;fadeIn&quot;}\" data-widget_type=\"image-box.default\">\n\t\t\t\t<div class=\"elementor-widget-container\">\n\t\t\t\t\t<div class=\"elementor-image-box-wrapper\"><figure class=\"elementor-image-box-img\"><img decoding=\"async\" width=\"1920\" height=\"1280\" src=\"https:\/\/legosmide.se\/wp-content\/uploads\/image005.jpg\" class=\"attachment-full size-full wp-image-886\" alt=\"Legosmide Employees\" srcset=\"https:\/\/legosmide.se\/wp-content\/uploads\/image005.jpg 1920w, https:\/\/legosmide.se\/wp-content\/uploads\/image005-300x200.jpg 300w, https:\/\/legosmide.se\/wp-content\/uploads\/image005-1024x683.jpg 1024w, https:\/\/legosmide.se\/wp-content\/uploads\/image005-768x512.jpg 768w, https:\/\/legosmide.se\/wp-content\/uploads\/image005-1536x1024.jpg 1536w, https:\/\/legosmide.se\/wp-content\/uploads\/image005-2048x1366.jpg 2048w\" sizes=\"(max-width: 1920px) 100vw, 1920px\" \/><\/figure><div class=\"elementor-image-box-content\"><h3 class=\"elementor-image-box-title\">In close collaboration<\/h3><p class=\"elementor-image-box-description\">Close contact with you as a customer is important to us. We prefer to get involved early in your processes to contribute knowledge and planning for the best results. Once our collaboration has begun, we aim to maintain ongoing close contact with regular feedback. We strive to improve every day. Your input is invaluable.<\/p><\/div><\/div>\t\t\t\t<\/div>\n\t\t\t\t<\/div>\n\t\t\t\t<\/div>\n\t\t\t\t\t<\/div>\n\t\t\t\t<\/div>\n\t\t\t\t<\/div>","protected":false},"excerpt":{"rendered":"<p>Vi \u00e4r ett svensktf\u00f6retag medutm\u00e4rkta kvaliteter Det finns mycket att s\u00e4ga om oss, f\u00f6r det handlar i sj\u00e4lva verket om dig. Dina behov och krav \u00e4r anledningen till att vi g\u00e5r till jobbet varje dag, det \u00e4r d\u00e4rf\u00f6r vi finns. V\u00e5r kunskap, v\u00e5r erfarenhet och v\u00e5ra skickliga medarbetare g\u00f6r det m\u00f6jligt f\u00f6r oss att uppfylla [&hellip;]<\/p>\n","protected":false},"author":5,"featured_media":0,"parent":0,"menu_order":0,"comment_status":"closed","ping_status":"closed","template":"","meta":{"footnotes":""},"class_list":["post-1115","page","type-page","status-publish","hentry"],"_links":{"self":[{"href":"https:\/\/legosmide.se\/en\/wp-json\/wp\/v2\/pages\/1115","targetHints":{"allow":["GET"]}}],"collection":[{"href":"https:\/\/legosmide.se\/en\/wp-json\/wp\/v2\/pages"}],"about":[{"href":"https:\/\/legosmide.se\/en\/wp-json\/wp\/v2\/types\/page"}],"author":[{"embeddable":true,"href":"https:\/\/legosmide.se\/en\/wp-json\/wp\/v2\/users\/5"}],"replies":[{"embeddable":true,"href":"https:\/\/legosmide.se\/en\/wp-json\/wp\/v2\/comments?post=1115"}],"version-history":[{"count":16,"href":"https:\/\/legosmide.se\/en\/wp-json\/wp\/v2\/pages\/1115\/revisions"}],"predecessor-version":[{"id":2747,"href":"https:\/\/legosmide.se\/en\/wp-json\/wp\/v2\/pages\/1115\/revisions\/2747"}],"wp:attachment":[{"href":"https:\/\/legosmide.se\/en\/wp-json\/wp\/v2\/media?parent=1115"}],"curies":[{"name":"wp","href":"https:\/\/api.w.org\/{rel}","templated":true}]}}