{"id":1121,"date":"2024-10-16T16:32:14","date_gmt":"2024-10-16T14:32:14","guid":{"rendered":"https:\/\/legosmide.se\/?page_id=1121"},"modified":"2024-11-04T09:49:20","modified_gmt":"2024-11-04T08:49:20","slug":"laserskarning-norrkoping","status":"publish","type":"page","link":"https:\/\/legosmide.se\/en\/laserskarning-norrkoping\/","title":{"rendered":"Lasersk\u00e4rning Norrk\u00f6ping"},"content":{"rendered":"\t\t<div data-elementor-type=\"wp-page\" data-elementor-id=\"1121\" class=\"elementor elementor-1121\" data-elementor-post-type=\"page\">\n\t\t\t\t<div class=\"elementor-element elementor-element-5f208ec e-flex e-con-boxed e-con e-parent\" data-id=\"5f208ec\" data-element_type=\"container\" data-e-type=\"container\">\n\t\t\t\t\t<div class=\"e-con-inner\">\n\t\t<div class=\"elementor-element elementor-element-7145169 e-con-full e-flex e-con e-child\" data-id=\"7145169\" data-element_type=\"container\" data-e-type=\"container\">\n\t\t\t\t<div class=\"elementor-element elementor-element-1ff7e46 elementor-widget elementor-widget-heading\" data-id=\"1ff7e46\" data-element_type=\"widget\" data-e-type=\"widget\" data-widget_type=\"heading.default\">\n\t\t\t\t<div class=\"elementor-widget-container\">\n\t\t\t\t\t<h1 class=\"elementor-heading-title elementor-size-default\">Lasersk\u00e4rning i Norrk\u00f6ping<\/h1>\t\t\t\t<\/div>\n\t\t\t\t<\/div>\n\t\t\t\t<div class=\"elementor-element elementor-element-ebb54d0 elementor-widget-divider--view-line elementor-widget elementor-widget-divider\" data-id=\"ebb54d0\" data-element_type=\"widget\" data-e-type=\"widget\" data-widget_type=\"divider.default\">\n\t\t\t\t<div class=\"elementor-widget-container\">\n\t\t\t\t\t\t\t<div class=\"elementor-divider\">\n\t\t\t<span class=\"elementor-divider-separator\">\n\t\t\t\t\t\t<\/span>\n\t\t<\/div>\n\t\t\t\t\t\t<\/div>\n\t\t\t\t<\/div>\n\t\t\t\t<div class=\"elementor-element elementor-element-1508c5c elementor-widget elementor-widget-text-editor\" data-id=\"1508c5c\" data-element_type=\"widget\" data-e-type=\"widget\" data-widget_type=\"text-editor.default\">\n\t\t\t\t<div class=\"elementor-widget-container\">\n\t\t\t\t\t\t\t\t\t<p><a href=\"https:\/\/legosmide.se\/laserskarning\/\">Lasersk\u00e4rning<\/a> \u00e4r en precisionsmetod som anv\u00e4nder en h\u00f6gfokuserad laserstr\u00e5le f\u00f6r att sk\u00e4ra genom material som st\u00e5l och aluminium. F\u00f6r dig som letar efter lasersk\u00e4rning i Norrk\u00f6ping erbjuder Legosmide m\u00f6jligheten att f\u00e5 tillg\u00e5ng till denna exakta och effektiva metod f\u00f6r pl\u00e5tbearbetning. \u00c4ven om Legosmide inte \u00e4r baserat i Norrk\u00f6ping, erbjuder vi l\u00f6sningar f\u00f6r f\u00f6retag i omr\u00e5det som s\u00f6ker h\u00f6gkvalitativ lasersk\u00e4rning. Vi specialiserar oss p\u00e5 att sk\u00e4ra komponenter med h\u00f6g precision, vilket \u00e4r en nyckel till att s\u00e4kerst\u00e4lla kvaliteten och prestandan hos de f\u00e4rdiga produkterna.<\/p>\n<h2><strong>Varf\u00f6r v\u00e4lja lasersk\u00e4rning hos Legosmide?<\/strong><\/h2>\n<p>Med Legosmide f\u00e5r du inte bara tillg\u00e5ng till h\u00f6gprecisionslasrar utan ocks\u00e5 v\u00e5r m\u00e5ng\u00e5riga erfarenhet och expertis inom lasersk\u00e4rning. Vi str\u00e4var alltid efter att leverera h\u00f6gsta kvalitet och effektiva l\u00f6sningar till v\u00e5ra kunder i <a href=\"https:\/\/www.google.com\/maps\/place\/Norrk%C3%B6ping\/@58.5866376,16.1018551,12z\/data=!3m1!4b1!4m6!3m5!1s0x4659286a5f50dca7:0x400fef341e48e80!8m2!3d58.587745!4d16.192421!16zL20vMDN6dmtq?entry=ttu&amp;g_ep=EgoyMDI0MTAxNC4wIKXMDSoASAFQAw%3D%3D\" target=\"_blank\" rel=\"noopener\">Norrk\u00f6ping<\/a>. Genom v\u00e5r avancerade utrustning, exempelvis MicroStep MSF PRO med 3D Bevel, kan vi tillgodose behoven hos kunder med kr\u00e4vande projekt.<\/p>\t\t\t\t\t\t\t\t<\/div>\n\t\t\t\t<\/div>\n\t\t\t\t<div class=\"elementor-element elementor-element-935a388 elementor-align-left elementor-widget elementor-widget-button\" data-id=\"935a388\" data-element_type=\"widget\" data-e-type=\"widget\" data-widget_type=\"button.default\">\n\t\t\t\t<div class=\"elementor-widget-container\">\n\t\t\t\t\t\t\t\t\t<div class=\"elementor-button-wrapper\">\n\t\t\t\t\t<a class=\"elementor-button elementor-button-link elementor-size-sm\" href=\"https:\/\/legosmide.se\/kontakt\/\">\n\t\t\t\t\t\t<span class=\"elementor-button-content-wrapper\">\n\t\t\t\t\t\t\t\t\t<span class=\"elementor-button-text\">Kontakta oss<\/span>\n\t\t\t\t\t<\/span>\n\t\t\t\t\t<\/a>\n\t\t\t\t<\/div>\n\t\t\t\t\t\t\t\t<\/div>\n\t\t\t\t<\/div>\n\t\t\t\t<\/div>\n\t\t<div class=\"elementor-element elementor-element-05e155f e-con-full e-flex e-con e-child\" data-id=\"05e155f\" data-element_type=\"container\" data-e-type=\"container\">\n\t\t\t\t<div class=\"elementor-element elementor-element-36bd564 elementor-widget elementor-widget-image\" data-id=\"36bd564\" data-element_type=\"widget\" data-e-type=\"widget\" data-widget_type=\"image.default\">\n\t\t\t\t<div class=\"elementor-widget-container\">\n\t\t\t\t\t\t\t\t\t\t\t\t\t\t\t<img fetchpriority=\"high\" decoding=\"async\" width=\"800\" height=\"494\" src=\"https:\/\/legosmide.se\/wp-content\/uploads\/3d-laserskarning-legosmide-1024x632.png\" class=\"attachment-large size-large wp-image-973\" alt=\"3d lasersk\u00e4rning legosmide\" srcset=\"https:\/\/legosmide.se\/wp-content\/uploads\/3d-laserskarning-legosmide-1024x632.png 1024w, https:\/\/legosmide.se\/wp-content\/uploads\/3d-laserskarning-legosmide-300x185.png 300w, https:\/\/legosmide.se\/wp-content\/uploads\/3d-laserskarning-legosmide-768x474.png 768w, https:\/\/legosmide.se\/wp-content\/uploads\/3d-laserskarning-legosmide.png 1050w\" sizes=\"(max-width: 800px) 100vw, 800px\" \/>\t\t\t\t\t\t\t\t\t\t\t\t\t\t\t<\/div>\n\t\t\t\t<\/div>\n\t\t\t\t<\/div>\n\t\t\t\t\t<\/div>\n\t\t\t\t<\/div>\n\t\t<div class=\"elementor-element elementor-element-594a5ad e-flex e-con-boxed e-con e-parent\" data-id=\"594a5ad\" data-element_type=\"container\" data-e-type=\"container\">\n\t\t\t\t\t<div class=\"e-con-inner\">\n\t\t<div class=\"elementor-element elementor-element-b101a3b e-con-full e-flex e-con e-child\" data-id=\"b101a3b\" data-element_type=\"container\" data-e-type=\"container\">\n\t\t\t\t<div class=\"elementor-element elementor-element-9a94bee elementor-widget elementor-widget-heading\" data-id=\"9a94bee\" data-element_type=\"widget\" data-e-type=\"widget\" data-widget_type=\"heading.default\">\n\t\t\t\t<div class=\"elementor-widget-container\">\n\t\t\t\t\t<h2 class=\"elementor-heading-title elementor-size-default\">Anv\u00e4ndningsomr\u00e5den f\u00f6r lasersk\u00e4rning<\/h2>\t\t\t\t<\/div>\n\t\t\t\t<\/div>\n\t\t\t\t<div class=\"elementor-element elementor-element-54b1a9a elementor-widget elementor-widget-text-editor\" data-id=\"54b1a9a\" data-element_type=\"widget\" data-e-type=\"widget\" data-widget_type=\"text-editor.default\">\n\t\t\t\t<div class=\"elementor-widget-container\">\n\t\t\t\t\t\t\t\t\t<p>V\u00e5ra laserskurna komponenter anv\u00e4nds inom flera olika sektorer som alla har h\u00f6ga krav p\u00e5 kvalitet och precision:<\/p><ul><li><strong>Jordbruk<\/strong>: Vi levererar slitdelar och reservdelar till jordbruksmaskiner som beh\u00f6ver t\u00e5la tuffa f\u00f6rh\u00e5llanden.<br \/><br \/><\/li><li><strong>Ingenj\u00f6rsteknik<\/strong>: V\u00e5ra komponenter hj\u00e4lper till att bygga stabila och h\u00e5llbara konstruktioner inom ingenj\u00f6rs- och robotikprojekt.<br \/><br \/><\/li><li><strong>F\u00f6rsvarsindustrin<\/strong>: Med h\u00f6ga krav p\u00e5 precision och s\u00e4kerhet levererar vi komponenter till f\u00f6rsvarsindustrin.<br \/><br \/><\/li><li><strong>Byggutrustning och skogsbruk<\/strong>: Vi tillverkar delar f\u00f6r maskiner som lastmaskiner, gr\u00e4vmaskiner och sk\u00f6rdare, anpassade f\u00f6r extrema arbetsmilj\u00f6er.<\/li><\/ul>\t\t\t\t\t\t\t\t<\/div>\n\t\t\t\t<\/div>\n\t\t\t\t<\/div>\n\t\t<div class=\"elementor-element elementor-element-69c7790 e-con-full e-flex e-con e-child\" data-id=\"69c7790\" data-element_type=\"container\" data-e-type=\"container\">\n\t\t\t\t<div class=\"elementor-element elementor-element-290c922 elementor-widget elementor-widget-heading\" data-id=\"290c922\" data-element_type=\"widget\" data-e-type=\"widget\" data-widget_type=\"heading.default\">\n\t\t\t\t<div class=\"elementor-widget-container\">\n\t\t\t\t\t<h2 class=\"elementor-heading-title elementor-size-default\">F\u00f6rdelar med lasersk\u00e4rning hos Legosmide<\/h2>\t\t\t\t<\/div>\n\t\t\t\t<\/div>\n\t\t\t\t<div class=\"elementor-element elementor-element-ad2a34a elementor-widget elementor-widget-text-editor\" data-id=\"ad2a34a\" data-element_type=\"widget\" data-e-type=\"widget\" data-widget_type=\"text-editor.default\">\n\t\t\t\t<div class=\"elementor-widget-container\">\n\t\t\t\t\t\t\t\t\t<p>Legosmides lasersk\u00e4rning \u00e4r en f\u00f6rdelaktig metod f\u00f6r f\u00f6retag i Norrk\u00f6ping och omnejd som kr\u00e4ver noggranna och kostnadseffektiva sk\u00e4rningsl\u00f6sningar:<\/p><ul><li><strong>H\u00f6g precision<\/strong>: Vi erbjuder exakta snitt som lever upp till de mest detaljerade kraven, vilket minskar behovet av efterbearbetning.<br \/><br \/><\/li><li><strong>Effektiv produktion<\/strong>: V\u00e5r lasersk\u00e4rning g\u00f6r att vi kan uppn\u00e5 snabb bearbetning med minimalt materialspill.<br \/><br \/><\/li><li><strong>Anpassade l\u00f6sningar<\/strong>: Vi kan anpassa lasersk\u00e4rningen efter dina specifika behov, s\u00e5 att resultatet motsvarar dina f\u00f6rv\u00e4ntningar.<br \/><br \/><\/li><li><strong>Vinkelkapning (3D Bevel)<\/strong>: Med m\u00f6jlighet till att sk\u00e4ra Y-, K-, och X-fogar upp till 45\u00b0 i svart st\u00e5l kan vi skapa komponenter f\u00f6r mer avancerade till\u00e4mpningar som exempelvis f\u00f6rberedelse f\u00f6r svetsning.<\/li><\/ul>\t\t\t\t\t\t\t\t<\/div>\n\t\t\t\t<\/div>\n\t\t\t\t<\/div>\n\t\t\t\t\t<\/div>\n\t\t\t\t<\/div>\n\t\t<div class=\"elementor-element elementor-element-7231d04 e-flex e-con-boxed e-con e-parent\" data-id=\"7231d04\" data-element_type=\"container\" data-e-type=\"container\">\n\t\t\t\t\t<div class=\"e-con-inner\">\n\t\t\t\t<div class=\"elementor-element elementor-element-7468b26 elementor-widget-divider--view-line elementor-widget elementor-widget-divider\" data-id=\"7468b26\" data-element_type=\"widget\" data-e-type=\"widget\" data-widget_type=\"divider.default\">\n\t\t\t\t<div class=\"elementor-widget-container\">\n\t\t\t\t\t\t\t<div class=\"elementor-divider\">\n\t\t\t<span class=\"elementor-divider-separator\">\n\t\t\t\t\t\t<\/span>\n\t\t<\/div>\n\t\t\t\t\t\t<\/div>\n\t\t\t\t<\/div>\n\t\t\t\t\t<\/div>\n\t\t\t\t<\/div>\n\t\t<div class=\"elementor-element elementor-element-a032a73 e-flex e-con-boxed e-con e-parent\" data-id=\"a032a73\" data-element_type=\"container\" data-e-type=\"container\">\n\t\t\t\t\t<div class=\"e-con-inner\">\n\t\t\t\t<div class=\"elementor-element elementor-element-e74bbc1 elementor-widget elementor-widget-text-editor\" data-id=\"e74bbc1\" data-element_type=\"widget\" data-e-type=\"widget\" data-widget_type=\"text-editor.default\">\n\t\t\t\t<div class=\"elementor-widget-container\">\n\t\t\t\t\t\t\t\t\t<h2><strong>Kontakta Legosmide f\u00f6r lasersk\u00e4rning i Norrk\u00f6ping<\/strong><\/h2><p>Om du \u00e4r i behov av lasersk\u00e4rning i Norrk\u00f6ping, tveka inte att <a href=\"https:\/\/legosmide.se\/kontakt\/\">kontakta<\/a> Legosmide. Vi erbjuder skr\u00e4ddarsydda och precisa sk\u00e4rningsl\u00f6sningar f\u00f6r att st\u00f6tta din produktion och s\u00e4kerst\u00e4lla h\u00f6g kvalitet. V\u00e5ra snabba leveranser och personliga service g\u00f6r oss till en p\u00e5litlig partner i din leveranskedja.<\/p><p>Kontakta oss idag via mail p\u00e5 info@legosmide.se eller fyll i v\u00e5rt formul\u00e4r f\u00f6r att diskutera hur vi kan hj\u00e4lpa dig med dina lasersk\u00e4rningsbehov.<\/p>\t\t\t\t\t\t\t\t<\/div>\n\t\t\t\t<\/div>\n\t\t\t\t\t<\/div>\n\t\t\t\t<\/div>\n\t\t<div class=\"elementor-element elementor-element-c7f56d4 e-flex e-con-boxed e-con e-parent\" data-id=\"c7f56d4\" data-element_type=\"container\" data-e-type=\"container\">\n\t\t\t\t\t<div class=\"e-con-inner\">\n\t\t\t\t<div class=\"elementor-element elementor-element-b060dbe elementor-widget-tablet__width-inherit elementor-button-align-stretch elementor-widget elementor-widget-form\" data-id=\"b060dbe\" data-element_type=\"widget\" data-e-type=\"widget\" data-settings=\"{&quot;step_next_label&quot;:&quot;Next&quot;,&quot;step_previous_label&quot;:&quot;Previous&quot;,&quot;button_width&quot;:&quot;100&quot;,&quot;step_type&quot;:&quot;number_text&quot;,&quot;step_icon_shape&quot;:&quot;circle&quot;}\" data-widget_type=\"form.default\">\n\t\t\t\t<div class=\"elementor-widget-container\">\n\t\t\t\t\t\t\t<form class=\"elementor-form\" method=\"post\" name=\"WorkShop\" aria-label=\"WorkShop\">\n\t\t\t<input type=\"hidden\" name=\"post_id\" value=\"1121\"\/>\n\t\t\t<input type=\"hidden\" name=\"form_id\" value=\"b060dbe\"\/>\n\t\t\t<input type=\"hidden\" name=\"referer_title\" value=\"Lasersk\u00e4rning i Norrk\u00f6ping \u2013 Effektivt med Legosmide\" \/>\n\n\t\t\t\t\t\t\t<input type=\"hidden\" name=\"queried_id\" value=\"1121\"\/>\n\t\t\t\n\t\t\t<div class=\"elementor-form-fields-wrapper elementor-labels-\">\n\t\t\t\t\t\t\t\t<div class=\"elementor-field-type-text elementor-field-group elementor-column elementor-field-group-name elementor-col-100\">\n\t\t\t\t\t\t\t\t\t\t\t\t<label for=\"form-field-name\" class=\"elementor-field-label elementor-screen-only\">\n\t\t\t\t\t\t\t\tName\t\t\t\t\t\t\t<\/label>\n\t\t\t\t\t\t\t\t\t\t\t\t\t\t<input size=\"1\" type=\"text\" name=\"form_fields[name]\" id=\"form-field-name\" class=\"elementor-field elementor-size-lg  elementor-field-textual\" placeholder=\"Namn\">\n\t\t\t\t\t\t\t\t\t\t\t<\/div>\n\t\t\t\t\t\t\t\t<div class=\"elementor-field-type-email elementor-field-group elementor-column elementor-field-group-email elementor-col-100 elementor-field-required\">\n\t\t\t\t\t\t\t\t\t\t\t\t<label for=\"form-field-email\" class=\"elementor-field-label elementor-screen-only\">\n\t\t\t\t\t\t\t\tE-post\t\t\t\t\t\t\t<\/label>\n\t\t\t\t\t\t\t\t\t\t\t\t\t\t<input size=\"1\" type=\"email\" name=\"form_fields[email]\" id=\"form-field-email\" class=\"elementor-field elementor-size-lg  elementor-field-textual\" placeholder=\"E-post\" required=\"required\">\n\t\t\t\t\t\t\t\t\t\t\t<\/div>\n\t\t\t\t\t\t\t\t<div class=\"elementor-field-type-textarea elementor-field-group elementor-column elementor-field-group-field_b5ce36f elementor-col-100\">\n\t\t\t\t\t\t\t\t\t\t\t\t<label for=\"form-field-field_b5ce36f\" class=\"elementor-field-label elementor-screen-only\">\n\t\t\t\t\t\t\t\tYour message\t\t\t\t\t\t\t<\/label>\n\t\t\t\t\t\t<textarea class=\"elementor-field-textual elementor-field  elementor-size-lg\" name=\"form_fields[field_b5ce36f]\" id=\"form-field-field_b5ce36f\" rows=\"10\" placeholder=\"Ditt meddelande\"><\/textarea>\t\t\t\t<\/div>\n\t\t\t\t\t\t\t\t<div class=\"elementor-field-group elementor-column elementor-field-type-submit elementor-col-100 e-form__buttons\">\n\t\t\t\t\t<button class=\"elementor-button elementor-size-md elementor-animation-grow\" type=\"submit\">\n\t\t\t\t\t\t<span class=\"elementor-button-content-wrapper\">\n\t\t\t\t\t\t\t\t\t\t\t\t\t\t\t\t\t\t\t\t\t\t<span class=\"elementor-button-text\">Skicka<\/span>\n\t\t\t\t\t\t\t\t\t\t\t\t\t<\/span>\n\t\t\t\t\t<\/button>\n\t\t\t\t<\/div>\n\t\t\t<\/div>\n\t\t<\/form>\n\t\t\t\t\t\t<\/div>\n\t\t\t\t<\/div>\n\t\t\t\t\t<\/div>\n\t\t\t\t<\/div>\n\t\t\t\t<\/div>\n\t\t","protected":false},"excerpt":{"rendered":"<p>Lasersk\u00e4rning i Norrk\u00f6ping Lasersk\u00e4rning \u00e4r en precisionsmetod som anv\u00e4nder en h\u00f6gfokuserad laserstr\u00e5le f\u00f6r att sk\u00e4ra genom material som st\u00e5l och aluminium. F\u00f6r dig som letar efter lasersk\u00e4rning i Norrk\u00f6ping erbjuder Legosmide m\u00f6jligheten att f\u00e5 tillg\u00e5ng till denna exakta och effektiva metod f\u00f6r pl\u00e5tbearbetning. \u00c4ven om Legosmide inte \u00e4r baserat i Norrk\u00f6ping, erbjuder vi l\u00f6sningar f\u00f6r [&hellip;]<\/p>\n","protected":false},"author":5,"featured_media":0,"parent":0,"menu_order":0,"comment_status":"closed","ping_status":"closed","template":"","meta":{"footnotes":""},"class_list":["post-1121","page","type-page","status-publish","hentry"],"_links":{"self":[{"href":"https:\/\/legosmide.se\/en\/wp-json\/wp\/v2\/pages\/1121","targetHints":{"allow":["GET"]}}],"collection":[{"href":"https:\/\/legosmide.se\/en\/wp-json\/wp\/v2\/pages"}],"about":[{"href":"https:\/\/legosmide.se\/en\/wp-json\/wp\/v2\/types\/page"}],"author":[{"embeddable":true,"href":"https:\/\/legosmide.se\/en\/wp-json\/wp\/v2\/users\/5"}],"replies":[{"embeddable":true,"href":"https:\/\/legosmide.se\/en\/wp-json\/wp\/v2\/comments?post=1121"}],"version-history":[{"count":16,"href":"https:\/\/legosmide.se\/en\/wp-json\/wp\/v2\/pages\/1121\/revisions"}],"predecessor-version":[{"id":1172,"href":"https:\/\/legosmide.se\/en\/wp-json\/wp\/v2\/pages\/1121\/revisions\/1172"}],"wp:attachment":[{"href":"https:\/\/legosmide.se\/en\/wp-json\/wp\/v2\/media?parent=1121"}],"curies":[{"name":"wp","href":"https:\/\/api.w.org\/{rel}","templated":true}]}}