{"id":1137,"date":"2024-10-16T16:58:31","date_gmt":"2024-10-16T14:58:31","guid":{"rendered":"https:\/\/legosmide.se\/?page_id=1137"},"modified":"2024-10-16T17:08:43","modified_gmt":"2024-10-16T15:08:43","slug":"laserskarning-linkoping","status":"publish","type":"page","link":"https:\/\/legosmide.se\/en\/laserskarning-linkoping\/","title":{"rendered":"Lasersk\u00e4rning Link\u00f6ping"},"content":{"rendered":"\t\t<div data-elementor-type=\"wp-page\" data-elementor-id=\"1137\" class=\"elementor elementor-1137\" data-elementor-post-type=\"page\">\n\t\t\t\t<div class=\"elementor-element elementor-element-0e62689 e-flex e-con-boxed e-con e-parent\" data-id=\"0e62689\" data-element_type=\"container\" data-e-type=\"container\">\n\t\t\t\t\t<div class=\"e-con-inner\">\n\t\t<div class=\"elementor-element elementor-element-2873e70 e-con-full e-flex e-con e-child\" data-id=\"2873e70\" data-element_type=\"container\" data-e-type=\"container\">\n\t\t\t\t<div class=\"elementor-element elementor-element-fdb20fb elementor-widget elementor-widget-heading\" data-id=\"fdb20fb\" data-element_type=\"widget\" data-e-type=\"widget\" data-widget_type=\"heading.default\">\n\t\t\t\t<div class=\"elementor-widget-container\">\n\t\t\t\t\t<h1 class=\"elementor-heading-title elementor-size-default\">Lasersk\u00e4rning i Link\u00f6ping<\/h1>\t\t\t\t<\/div>\n\t\t\t\t<\/div>\n\t\t\t\t<div class=\"elementor-element elementor-element-2257e1e elementor-widget-divider--view-line elementor-widget elementor-widget-divider\" data-id=\"2257e1e\" data-element_type=\"widget\" data-e-type=\"widget\" data-widget_type=\"divider.default\">\n\t\t\t\t<div class=\"elementor-widget-container\">\n\t\t\t\t\t\t\t<div class=\"elementor-divider\">\n\t\t\t<span class=\"elementor-divider-separator\">\n\t\t\t\t\t\t<\/span>\n\t\t<\/div>\n\t\t\t\t\t\t<\/div>\n\t\t\t\t<\/div>\n\t\t\t\t<div class=\"elementor-element elementor-element-00a4a5b elementor-widget elementor-widget-text-editor\" data-id=\"00a4a5b\" data-element_type=\"widget\" data-e-type=\"widget\" data-widget_type=\"text-editor.default\">\n\t\t\t\t<div class=\"elementor-widget-container\">\n\t\t\t\t\t\t\t\t\t<p><a href=\"https:\/\/legosmide.se\/laserskarning\/\">Lasersk\u00e4rning<\/a> \u00e4r en effektiv och h\u00f6gprecisionsmetod f\u00f6r att sk\u00e4ra genom en rad olika material, inklusive st\u00e5l, aluminium och rostfritt st\u00e5l. I <a href=\"https:\/\/www.google.com\/maps\/place\/Link%C3%B6ping\/@58.4037621,15.5283742,12z\/data=!3m1!4b1!4m6!3m5!1s0x46596e719a049f95:0x400fef341e48e70!8m2!3d58.410807!4d15.6213728!16zL20vMHp3MV8?entry=ttu&amp;g_ep=EgoyMDI0MTAxNC4wIKXMDSoASAFQAw%3D%3D\" target=\"_blank\" rel=\"noopener\">Link\u00f6ping<\/a> finns det m\u00e5nga m\u00f6jligheter f\u00f6r dig som beh\u00f6ver lasersk\u00e4rning av h\u00f6g kvalitet. \u00c4ven om Legosmide inte \u00e4r baserat i Link\u00f6ping, erbjuder vi l\u00f6sningar f\u00f6r f\u00f6retag i omr\u00e5det som s\u00f6ker h\u00f6gkvalitativ lasersk\u00e4rning. Vi p\u00e5 Legosmide erbjuder moderna och anpassade l\u00f6sningar f\u00f6r lasersk\u00e4rning som t\u00e4cker dina specifika behov och krav.<\/p>\t\t\t\t\t\t\t\t<\/div>\n\t\t\t\t<\/div>\n\t\t\t\t<div class=\"elementor-element elementor-element-9235285 elementor-align-left elementor-widget elementor-widget-button\" data-id=\"9235285\" data-element_type=\"widget\" data-e-type=\"widget\" data-widget_type=\"button.default\">\n\t\t\t\t<div class=\"elementor-widget-container\">\n\t\t\t\t\t\t\t\t\t<div class=\"elementor-button-wrapper\">\n\t\t\t\t\t<a class=\"elementor-button elementor-button-link elementor-size-sm\" href=\"https:\/\/legosmide.se\/kontakt\/\">\n\t\t\t\t\t\t<span class=\"elementor-button-content-wrapper\">\n\t\t\t\t\t\t\t\t\t<span class=\"elementor-button-text\">Kontakta oss<\/span>\n\t\t\t\t\t<\/span>\n\t\t\t\t\t<\/a>\n\t\t\t\t<\/div>\n\t\t\t\t\t\t\t\t<\/div>\n\t\t\t\t<\/div>\n\t\t\t\t<\/div>\n\t\t<div class=\"elementor-element elementor-element-26ebcc0 e-con-full e-flex e-con e-child\" data-id=\"26ebcc0\" data-element_type=\"container\" data-e-type=\"container\">\n\t\t\t\t<div class=\"elementor-element elementor-element-225ed80 elementor-widget elementor-widget-image\" data-id=\"225ed80\" data-element_type=\"widget\" data-e-type=\"widget\" data-widget_type=\"image.default\">\n\t\t\t\t<div class=\"elementor-widget-container\">\n\t\t\t\t\t\t\t\t\t\t\t\t\t\t\t<img fetchpriority=\"high\" decoding=\"async\" width=\"800\" height=\"494\" src=\"https:\/\/legosmide.se\/wp-content\/uploads\/3d-laserskarning-legosmide-1024x632.png\" class=\"attachment-large size-large wp-image-973\" alt=\"3d lasersk\u00e4rning legosmide\" srcset=\"https:\/\/legosmide.se\/wp-content\/uploads\/3d-laserskarning-legosmide-1024x632.png 1024w, https:\/\/legosmide.se\/wp-content\/uploads\/3d-laserskarning-legosmide-300x185.png 300w, https:\/\/legosmide.se\/wp-content\/uploads\/3d-laserskarning-legosmide-768x474.png 768w, https:\/\/legosmide.se\/wp-content\/uploads\/3d-laserskarning-legosmide.png 1050w\" sizes=\"(max-width: 800px) 100vw, 800px\" \/>\t\t\t\t\t\t\t\t\t\t\t\t\t\t\t<\/div>\n\t\t\t\t<\/div>\n\t\t\t\t<\/div>\n\t\t\t\t\t<\/div>\n\t\t\t\t<\/div>\n\t\t<div class=\"elementor-element elementor-element-2ff0f47 e-flex e-con-boxed e-con e-parent\" data-id=\"2ff0f47\" data-element_type=\"container\" data-e-type=\"container\">\n\t\t\t\t\t<div class=\"e-con-inner\">\n\t\t<div class=\"elementor-element elementor-element-9562d91 e-con-full e-flex e-con e-child\" data-id=\"9562d91\" data-element_type=\"container\" data-e-type=\"container\">\n\t\t\t\t<div class=\"elementor-element elementor-element-8b84ec6 elementor-widget elementor-widget-heading\" data-id=\"8b84ec6\" data-element_type=\"widget\" data-e-type=\"widget\" data-widget_type=\"heading.default\">\n\t\t\t\t<div class=\"elementor-widget-container\">\n\t\t\t\t\t<h2 class=\"elementor-heading-title elementor-size-default\">Anv\u00e4ndningsomr\u00e5den f\u00f6r lasersk\u00e4rning<\/h2>\t\t\t\t<\/div>\n\t\t\t\t<\/div>\n\t\t\t\t<div class=\"elementor-element elementor-element-5f47728 elementor-widget elementor-widget-text-editor\" data-id=\"5f47728\" data-element_type=\"widget\" data-e-type=\"widget\" data-widget_type=\"text-editor.default\">\n\t\t\t\t<div class=\"elementor-widget-container\">\n\t\t\t\t\t\t\t\t\t<p>Hos Legosmide kan vi hj\u00e4lpa dig att skapa komponenter f\u00f6r flera olika branscher i Link\u00f6ping:<\/p><ul><li><strong>Jordbruk<\/strong>: Leverans av slitdelar och reservdelar som klarar tuffa f\u00f6rh\u00e5llanden.<br \/><br \/><\/li><li><strong>Ingenj\u00f6rsteknik<\/strong>: Tillverkning av delar f\u00f6r maskiner och robotar med h\u00f6ga kvalitetskrav.<br \/><br \/><\/li><li><strong>F\u00f6rsvarsindustrin<\/strong>: Komponenter som m\u00e5ste uppfylla strikta krav p\u00e5 s\u00e4kerhet och tillf\u00f6rlitlighet.<br \/><br \/><\/li><li><strong>Byggutrustning och skogsbruk<\/strong>: Komponenter till maskiner som klarar extremt tuffa milj\u00f6er, s\u00e5som gr\u00e4vmaskiner och sk\u00f6rdare.<\/li><\/ul>\t\t\t\t\t\t\t\t<\/div>\n\t\t\t\t<\/div>\n\t\t\t\t<\/div>\n\t\t<div class=\"elementor-element elementor-element-39bbabd e-con-full e-flex e-con e-child\" data-id=\"39bbabd\" data-element_type=\"container\" data-e-type=\"container\">\n\t\t\t\t<div class=\"elementor-element elementor-element-0a1402d elementor-widget elementor-widget-heading\" data-id=\"0a1402d\" data-element_type=\"widget\" data-e-type=\"widget\" data-widget_type=\"heading.default\">\n\t\t\t\t<div class=\"elementor-widget-container\">\n\t\t\t\t\t<h2 class=\"elementor-heading-title elementor-size-default\">F\u00f6rdelar med att v\u00e4lja lasersk\u00e4rning<\/h2>\t\t\t\t<\/div>\n\t\t\t\t<\/div>\n\t\t\t\t<div class=\"elementor-element elementor-element-646a72a elementor-widget elementor-widget-text-editor\" data-id=\"646a72a\" data-element_type=\"widget\" data-e-type=\"widget\" data-widget_type=\"text-editor.default\">\n\t\t\t\t<div class=\"elementor-widget-container\">\n\t\t\t\t\t\t\t\t\t<p>N\u00e4r du v\u00e4ljer lasersk\u00e4rning f\u00f6r ditt projekt i Link\u00f6ping, f\u00e5r du f\u00f6rdelar som:<\/p><ul><li><strong>H\u00f6g precision<\/strong>: Exakta snitt som minimerar behovet av efterbearbetning.<br \/><br \/><\/li><li><strong>Kostnadseffektivitet<\/strong>: Minimal \u00e5tg\u00e5ng av material och snabba bearbetningscykler.<br \/><br \/><\/li><li><strong>Flexibilitet<\/strong>: M\u00f6jlighet att sk\u00e4ra komplexa former och detaljer som uppfyller dina specifika krav.<br \/><br \/><\/li><\/ul><p>Lasersk\u00e4rning \u00e4r en metod som passar bra f\u00f6r produktion av detaljerade och komplexa komponenter i b\u00e5de sm\u00e5 och stora volymer, vilket g\u00f6r den mycket anv\u00e4ndbar i en rad olika branscher.<\/p>\t\t\t\t\t\t\t\t<\/div>\n\t\t\t\t<\/div>\n\t\t\t\t<\/div>\n\t\t\t\t\t<\/div>\n\t\t\t\t<\/div>\n\t\t<div class=\"elementor-element elementor-element-a41cb79 e-flex e-con-boxed e-con e-parent\" data-id=\"a41cb79\" data-element_type=\"container\" data-e-type=\"container\">\n\t\t\t\t\t<div class=\"e-con-inner\">\n\t\t\t\t<div class=\"elementor-element elementor-element-fda5fe1 elementor-widget elementor-widget-heading\" data-id=\"fda5fe1\" data-element_type=\"widget\" data-e-type=\"widget\" data-widget_type=\"heading.default\">\n\t\t\t\t<div class=\"elementor-widget-container\">\n\t\t\t\t\t<h2 class=\"elementor-heading-title elementor-size-default\">Varf\u00f6r v\u00e4lja lasersk\u00e4rning hos Legosmide?<\/h2>\t\t\t\t<\/div>\n\t\t\t\t<\/div>\n\t\t\t\t<div class=\"elementor-element elementor-element-5e34e1e elementor-widget elementor-widget-text-editor\" data-id=\"5e34e1e\" data-element_type=\"widget\" data-e-type=\"widget\" data-widget_type=\"text-editor.default\">\n\t\t\t\t<div class=\"elementor-widget-container\">\n\t\t\t\t\t\t\t\t\t<p>Lasersk\u00e4rning i Link\u00f6ping \u00e4r perfekt f\u00f6r dig som beh\u00f6ver en precisionssk\u00e4rning med minimalt materialspill och en snabb produktionsprocess. V\u00e5r lasersk\u00e4rmaskin, MicroStep MSF PRO, erbjuder:<\/p><ul><li><strong>Kapacitet att sk\u00e4ra upp till 25 mm tjocklek<\/strong> i olika material.<br \/><br \/><\/li><li><strong>Vinkelkapning (3D Bevel)<\/strong> som kan skapa Y-, K- och X-fogar upp till 45\u00b0 i svart st\u00e5l och ca 10-15\u00b0 i rostfritt st\u00e5l.<br \/><br \/><\/li><li><strong>Snabb bearbetning<\/strong> f\u00f6r b\u00e5de sm\u00e5 och stora produktionsvolymer, vilket g\u00f6r metoden kostnadseffektiv.<br \/><br \/><\/li><\/ul><p>Lasersk\u00e4rning \u00e4r en kontaktl\u00f6s teknik som anv\u00e4nder en h\u00f6gintensiv laserstr\u00e5le f\u00f6r att sk\u00e4ra genom material. Detta g\u00f6r det m\u00f6jligt att uppn\u00e5 ett extremt precist resultat utan risk f\u00f6r deformering av materialet. Tekniken passar f\u00f6r produktion av komponenter som kr\u00e4ver h\u00f6g kvalitet och noggrannhet.<\/p>\t\t\t\t\t\t\t\t<\/div>\n\t\t\t\t<\/div>\n\t\t\t\t\t<\/div>\n\t\t\t\t<\/div>\n\t\t<div class=\"elementor-element elementor-element-eda3452 e-flex e-con-boxed e-con e-parent\" data-id=\"eda3452\" data-element_type=\"container\" data-e-type=\"container\">\n\t\t\t\t\t<div class=\"e-con-inner\">\n\t\t\t\t<div class=\"elementor-element elementor-element-5984a72 elementor-widget-divider--view-line elementor-widget elementor-widget-divider\" data-id=\"5984a72\" data-element_type=\"widget\" data-e-type=\"widget\" data-widget_type=\"divider.default\">\n\t\t\t\t<div class=\"elementor-widget-container\">\n\t\t\t\t\t\t\t<div class=\"elementor-divider\">\n\t\t\t<span class=\"elementor-divider-separator\">\n\t\t\t\t\t\t<\/span>\n\t\t<\/div>\n\t\t\t\t\t\t<\/div>\n\t\t\t\t<\/div>\n\t\t\t\t\t<\/div>\n\t\t\t\t<\/div>\n\t\t<div class=\"elementor-element elementor-element-62d9b07 e-flex e-con-boxed e-con e-parent\" data-id=\"62d9b07\" data-element_type=\"container\" data-e-type=\"container\">\n\t\t\t\t\t<div class=\"e-con-inner\">\n\t\t\t\t<div class=\"elementor-element elementor-element-ad552f9 elementor-widget elementor-widget-text-editor\" data-id=\"ad552f9\" data-element_type=\"widget\" data-e-type=\"widget\" data-widget_type=\"text-editor.default\">\n\t\t\t\t<div class=\"elementor-widget-container\">\n\t\t\t\t\t\t\t\t\t<h2><strong>Kontakta Legosmide f\u00f6r lasersk\u00e4rning i Link\u00f6ping<\/strong><\/h2><p>Beh\u00f6ver du lasersk\u00e4rning i Link\u00f6ping? <br \/>Vi p\u00e5 Legosmide har den expertis och erfarenhet som kr\u00e4vs f\u00f6r att hj\u00e4lpa dig att f\u00e5 exakt de komponenter du beh\u00f6ver. <br \/><a href=\"https:\/\/legosmide.se\/kontakt\/\">Kontakta<\/a> oss idag via e-post p\u00e5 order@legosmide.se eller fyll i formul\u00e4ret p\u00e5 v\u00e5r hemsida f\u00f6r att diskutera hur vi kan hj\u00e4lpa dig med dina lasersk\u00e4rningsbehov.<\/p>\t\t\t\t\t\t\t\t<\/div>\n\t\t\t\t<\/div>\n\t\t\t\t\t<\/div>\n\t\t\t\t<\/div>\n\t\t<div class=\"elementor-element elementor-element-55c635b e-flex e-con-boxed e-con e-parent\" data-id=\"55c635b\" data-element_type=\"container\" data-e-type=\"container\">\n\t\t\t\t\t<div class=\"e-con-inner\">\n\t\t\t\t<div class=\"elementor-element elementor-element-52cbb04 elementor-widget-tablet__width-inherit elementor-button-align-stretch elementor-widget elementor-widget-form\" data-id=\"52cbb04\" data-element_type=\"widget\" data-e-type=\"widget\" data-settings=\"{&quot;step_next_label&quot;:&quot;Next&quot;,&quot;step_previous_label&quot;:&quot;Previous&quot;,&quot;button_width&quot;:&quot;100&quot;,&quot;step_type&quot;:&quot;number_text&quot;,&quot;step_icon_shape&quot;:&quot;circle&quot;}\" data-widget_type=\"form.default\">\n\t\t\t\t<div class=\"elementor-widget-container\">\n\t\t\t\t\t\t\t<form class=\"elementor-form\" method=\"post\" name=\"WorkShop\" aria-label=\"WorkShop\">\n\t\t\t<input type=\"hidden\" name=\"post_id\" value=\"1137\"\/>\n\t\t\t<input type=\"hidden\" name=\"form_id\" value=\"52cbb04\"\/>\n\t\t\t<input type=\"hidden\" name=\"referer_title\" value=\"Lasersk\u00e4rning i Link\u00f6ping \u2013Precisionsl\u00f6sningar hos Legosmide\" \/>\n\n\t\t\t\t\t\t\t<input type=\"hidden\" name=\"queried_id\" value=\"1137\"\/>\n\t\t\t\n\t\t\t<div class=\"elementor-form-fields-wrapper elementor-labels-\">\n\t\t\t\t\t\t\t\t<div class=\"elementor-field-type-text elementor-field-group elementor-column elementor-field-group-name elementor-col-100\">\n\t\t\t\t\t\t\t\t\t\t\t\t<label for=\"form-field-name\" class=\"elementor-field-label elementor-screen-only\">\n\t\t\t\t\t\t\t\tName\t\t\t\t\t\t\t<\/label>\n\t\t\t\t\t\t\t\t\t\t\t\t\t\t<input size=\"1\" type=\"text\" name=\"form_fields[name]\" id=\"form-field-name\" class=\"elementor-field elementor-size-lg  elementor-field-textual\" placeholder=\"Namn\">\n\t\t\t\t\t\t\t\t\t\t\t<\/div>\n\t\t\t\t\t\t\t\t<div class=\"elementor-field-type-email elementor-field-group elementor-column elementor-field-group-email elementor-col-100 elementor-field-required\">\n\t\t\t\t\t\t\t\t\t\t\t\t<label for=\"form-field-email\" class=\"elementor-field-label elementor-screen-only\">\n\t\t\t\t\t\t\t\tE-post\t\t\t\t\t\t\t<\/label>\n\t\t\t\t\t\t\t\t\t\t\t\t\t\t<input size=\"1\" type=\"email\" name=\"form_fields[email]\" id=\"form-field-email\" class=\"elementor-field elementor-size-lg  elementor-field-textual\" placeholder=\"E-post\" required=\"required\">\n\t\t\t\t\t\t\t\t\t\t\t<\/div>\n\t\t\t\t\t\t\t\t<div class=\"elementor-field-type-textarea elementor-field-group elementor-column elementor-field-group-field_b5ce36f elementor-col-100\">\n\t\t\t\t\t\t\t\t\t\t\t\t<label for=\"form-field-field_b5ce36f\" class=\"elementor-field-label elementor-screen-only\">\n\t\t\t\t\t\t\t\tYour message\t\t\t\t\t\t\t<\/label>\n\t\t\t\t\t\t<textarea class=\"elementor-field-textual elementor-field  elementor-size-lg\" name=\"form_fields[field_b5ce36f]\" id=\"form-field-field_b5ce36f\" rows=\"10\" placeholder=\"Ditt meddelande\"><\/textarea>\t\t\t\t<\/div>\n\t\t\t\t\t\t\t\t<div class=\"elementor-field-group elementor-column elementor-field-type-submit elementor-col-100 e-form__buttons\">\n\t\t\t\t\t<button class=\"elementor-button elementor-size-md elementor-animation-grow\" type=\"submit\">\n\t\t\t\t\t\t<span class=\"elementor-button-content-wrapper\">\n\t\t\t\t\t\t\t\t\t\t\t\t\t\t\t\t\t\t\t\t\t\t<span class=\"elementor-button-text\">Skicka<\/span>\n\t\t\t\t\t\t\t\t\t\t\t\t\t<\/span>\n\t\t\t\t\t<\/button>\n\t\t\t\t<\/div>\n\t\t\t<\/div>\n\t\t<\/form>\n\t\t\t\t\t\t<\/div>\n\t\t\t\t<\/div>\n\t\t\t\t\t<\/div>\n\t\t\t\t<\/div>\n\t\t\t\t<\/div>\n\t\t","protected":false},"excerpt":{"rendered":"<p>Lasersk\u00e4rning i Link\u00f6ping Lasersk\u00e4rning \u00e4r en effektiv och h\u00f6gprecisionsmetod f\u00f6r att sk\u00e4ra genom en rad olika material, inklusive st\u00e5l, aluminium och rostfritt st\u00e5l. I Link\u00f6ping finns det m\u00e5nga m\u00f6jligheter f\u00f6r dig som beh\u00f6ver lasersk\u00e4rning av h\u00f6g kvalitet. \u00c4ven om Legosmide inte \u00e4r baserat i Link\u00f6ping, erbjuder vi l\u00f6sningar f\u00f6r f\u00f6retag i omr\u00e5det som s\u00f6ker h\u00f6gkvalitativ [&hellip;]<\/p>\n","protected":false},"author":5,"featured_media":0,"parent":0,"menu_order":0,"comment_status":"closed","ping_status":"closed","template":"","meta":{"footnotes":""},"class_list":["post-1137","page","type-page","status-publish","hentry"],"_links":{"self":[{"href":"https:\/\/legosmide.se\/en\/wp-json\/wp\/v2\/pages\/1137","targetHints":{"allow":["GET"]}}],"collection":[{"href":"https:\/\/legosmide.se\/en\/wp-json\/wp\/v2\/pages"}],"about":[{"href":"https:\/\/legosmide.se\/en\/wp-json\/wp\/v2\/types\/page"}],"author":[{"embeddable":true,"href":"https:\/\/legosmide.se\/en\/wp-json\/wp\/v2\/users\/5"}],"replies":[{"embeddable":true,"href":"https:\/\/legosmide.se\/en\/wp-json\/wp\/v2\/comments?post=1137"}],"version-history":[{"count":13,"href":"https:\/\/legosmide.se\/en\/wp-json\/wp\/v2\/pages\/1137\/revisions"}],"predecessor-version":[{"id":1152,"href":"https:\/\/legosmide.se\/en\/wp-json\/wp\/v2\/pages\/1137\/revisions\/1152"}],"wp:attachment":[{"href":"https:\/\/legosmide.se\/en\/wp-json\/wp\/v2\/media?parent=1137"}],"curies":[{"name":"wp","href":"https:\/\/api.w.org\/{rel}","templated":true}]}}