{"id":1164,"date":"2024-11-04T09:35:11","date_gmt":"2024-11-04T08:35:11","guid":{"rendered":"https:\/\/legosmide.se\/?page_id=1164"},"modified":"2024-11-04T09:47:21","modified_gmt":"2024-11-04T08:47:21","slug":"laserskarning-i-orebro","status":"publish","type":"page","link":"https:\/\/legosmide.se\/en\/laserskarning-i-orebro\/","title":{"rendered":"Lasersk\u00e4rning i \u00d6rebro"},"content":{"rendered":"\t\t<div data-elementor-type=\"wp-page\" data-elementor-id=\"1164\" class=\"elementor elementor-1164\" data-elementor-post-type=\"page\">\n\t\t\t\t<div class=\"elementor-element elementor-element-1bb0ba9 e-flex e-con-boxed e-con e-parent\" data-id=\"1bb0ba9\" data-element_type=\"container\" data-e-type=\"container\">\n\t\t\t\t\t<div class=\"e-con-inner\">\n\t\t<div class=\"elementor-element elementor-element-d14fd28 e-con-full e-flex e-con e-child\" data-id=\"d14fd28\" data-element_type=\"container\" data-e-type=\"container\">\n\t\t\t\t<div class=\"elementor-element elementor-element-4103cb1 elementor-widget elementor-widget-heading\" data-id=\"4103cb1\" data-element_type=\"widget\" data-e-type=\"widget\" data-widget_type=\"heading.default\">\n\t\t\t\t<div class=\"elementor-widget-container\">\n\t\t\t\t\t<h1 class=\"elementor-heading-title elementor-size-default\">Lasersk\u00e4rning i \u00d6rebro: Precisionsl\u00f6sningar f\u00f6r dina behov <\/h1>\t\t\t\t<\/div>\n\t\t\t\t<\/div>\n\t\t\t\t<div class=\"elementor-element elementor-element-ffd83cd elementor-widget-divider--view-line elementor-widget elementor-widget-divider\" data-id=\"ffd83cd\" data-element_type=\"widget\" data-e-type=\"widget\" data-widget_type=\"divider.default\">\n\t\t\t\t<div class=\"elementor-widget-container\">\n\t\t\t\t\t\t\t<div class=\"elementor-divider\">\n\t\t\t<span class=\"elementor-divider-separator\">\n\t\t\t\t\t\t<\/span>\n\t\t<\/div>\n\t\t\t\t\t\t<\/div>\n\t\t\t\t<\/div>\n\t\t\t\t<div class=\"elementor-element elementor-element-f983a28 elementor-widget elementor-widget-text-editor\" data-id=\"f983a28\" data-element_type=\"widget\" data-e-type=\"widget\" data-widget_type=\"text-editor.default\">\n\t\t\t\t<div class=\"elementor-widget-container\">\n\t\t\t\t\t\t\t\t\t<p><span class=\"TextRun SCXW131792240 BCX8\" lang=\"SV-SE\" xml:lang=\"SV-SE\" data-contrast=\"auto\"><span class=\"NormalTextRun SCXW131792240 BCX8\"><a href=\"https:\/\/legosmide.se\/laserskarning\/\">Lasersk\u00e4rning<\/a> \u00e4r en metod som anv\u00e4nder h\u00f6gfokuserade lasrar f\u00f6r att sk\u00e4ra genom olika material, s\u00e4rskilt metaller som st\u00e5l och aluminium. Denna teknik m\u00f6jligg\u00f6r exakta snitt och minimal efterbehandling, vilket \u00e4r f\u00f6rdelaktigt f\u00f6r tillverkning av komponenter som kr\u00e4ver h\u00f6g noggrannhet. Med lasersk\u00e4rning kan komplexa former och detaljer skapas, vilket \u00e4r avg\u00f6rande f\u00f6r industrier som kr\u00e4ver p\u00e5litliga och h\u00e5llbara resultat.<\/span><\/span><span class=\"EOP SCXW131792240 BCX8\" data-ccp-props=\"{&quot;134233117&quot;:false,&quot;134233118&quot;:false,&quot;335559738&quot;:240,&quot;335559739&quot;:240}\">\u00a0<\/span><\/p><h2><strong><span class=\"TextRun SCXW48966122 BCX8\" lang=\"SV-SE\" xml:lang=\"SV-SE\" data-contrast=\"auto\"><span class=\"NormalTextRun SCXW48966122 BCX8\">Legosmide: Din partner f\u00f6r lasersk\u00e4rning i <a href=\"https:\/\/www.google.com\/maps\/place\/%C3%96rebro\/@59.2780475,15.1200551,12z\/data=!3m1!4b1!4m6!3m5!1s0x465c017f144aff39:0xcfe3b0bad018c93e!8m2!3d59.2752626!4d15.2134105!16zL20vMDN6andt?entry=ttu&amp;g_ep=EgoyMDI0MTAyOS4wIKXMDSoASAFQAw%3D%3D\" target=\"_blank\" rel=\"noopener\">\u00d6rebro<\/a><\/span><\/span><span class=\"EOP SCXW48966122 BCX8\" data-ccp-props=\"{&quot;134233117&quot;:false,&quot;134233118&quot;:false,&quot;335559738&quot;:240,&quot;335559739&quot;:240}\">\u00a0<\/span><\/strong><\/h2><p><span class=\"TextRun SCXW119492422 BCX8\" lang=\"SV-SE\" xml:lang=\"SV-SE\" data-contrast=\"auto\"><span class=\"NormalTextRun SCXW119492422 BCX8\">Beh\u00f6ver du hj\u00e4lp med lasersk\u00e4rning upp till 25 mm tjocklek? Legosmide i Katrineholm har kapacitet att m\u00f6ta dina behov med v\u00e5r <\/span><span class=\"NormalTextRun SpellingErrorV2Themed SCXW119492422 BCX8\">MicroStep<\/span><span class=\"NormalTextRun SCXW119492422 BCX8\"> MSF PRO utrustad med 3D <\/span><span class=\"NormalTextRun SpellingErrorV2Themed SCXW119492422 BCX8\">Bevel<\/span><span class=\"NormalTextRun SCXW119492422 BCX8\">. V\u00e5r maskin kan sk\u00e4ra Y-, K- och X-fogar med vinklar upp till 45\u00b0 i svart st\u00e5l och upp till cirka 10\u201315\u00b0 i rostfritt st\u00e5l. Med lasersk\u00e4rning f\u00e5r du f\u00f6rdelar som h\u00f6g precision, minimalt materialspill och snabb bearbetning. V\u00e5r m\u00f6jlighet till vinkelkapning (3D <\/span><span class=\"NormalTextRun SpellingErrorV2Themed SCXW119492422 BCX8\">Bevel<\/span><span class=\"NormalTextRun SCXW119492422 BCX8\">) ger dessutom en perfekt grund f\u00f6r svetsning och minskar behovet av efterbearbetning.<\/span><\/span><span class=\"EOP SCXW119492422 BCX8\" data-ccp-props=\"{&quot;134233117&quot;:false,&quot;134233118&quot;:false,&quot;335559738&quot;:240,&quot;335559739&quot;:240}\">\u00a0<\/span><\/p>\t\t\t\t\t\t\t\t<\/div>\n\t\t\t\t<\/div>\n\t\t\t\t<div class=\"elementor-element elementor-element-78355ef elementor-align-left elementor-widget elementor-widget-button\" data-id=\"78355ef\" data-element_type=\"widget\" data-e-type=\"widget\" data-widget_type=\"button.default\">\n\t\t\t\t<div class=\"elementor-widget-container\">\n\t\t\t\t\t\t\t\t\t<div class=\"elementor-button-wrapper\">\n\t\t\t\t\t<a class=\"elementor-button elementor-button-link elementor-size-sm\" href=\"https:\/\/legosmide.se\/kontakt\/\">\n\t\t\t\t\t\t<span class=\"elementor-button-content-wrapper\">\n\t\t\t\t\t\t\t\t\t<span class=\"elementor-button-text\">Kontakta oss<\/span>\n\t\t\t\t\t<\/span>\n\t\t\t\t\t<\/a>\n\t\t\t\t<\/div>\n\t\t\t\t\t\t\t\t<\/div>\n\t\t\t\t<\/div>\n\t\t\t\t<\/div>\n\t\t<div class=\"elementor-element elementor-element-0763f30 e-con-full e-flex e-con e-child\" data-id=\"0763f30\" data-element_type=\"container\" data-e-type=\"container\">\n\t\t\t\t<div class=\"elementor-element elementor-element-1c99f6c elementor-widget elementor-widget-image\" data-id=\"1c99f6c\" data-element_type=\"widget\" data-e-type=\"widget\" data-widget_type=\"image.default\">\n\t\t\t\t<div class=\"elementor-widget-container\">\n\t\t\t\t\t\t\t\t\t\t\t\t\t\t\t<img fetchpriority=\"high\" decoding=\"async\" width=\"800\" height=\"494\" src=\"https:\/\/legosmide.se\/wp-content\/uploads\/3d-laserskarning-legosmide-1024x632.png\" class=\"attachment-large size-large wp-image-973\" alt=\"3d lasersk\u00e4rning legosmide\" srcset=\"https:\/\/legosmide.se\/wp-content\/uploads\/3d-laserskarning-legosmide-1024x632.png 1024w, https:\/\/legosmide.se\/wp-content\/uploads\/3d-laserskarning-legosmide-300x185.png 300w, https:\/\/legosmide.se\/wp-content\/uploads\/3d-laserskarning-legosmide-768x474.png 768w, https:\/\/legosmide.se\/wp-content\/uploads\/3d-laserskarning-legosmide.png 1050w\" sizes=\"(max-width: 800px) 100vw, 800px\" \/>\t\t\t\t\t\t\t\t\t\t\t\t\t\t\t<\/div>\n\t\t\t\t<\/div>\n\t\t\t\t<\/div>\n\t\t\t\t\t<\/div>\n\t\t\t\t<\/div>\n\t\t<div class=\"elementor-element elementor-element-1fbe61f e-flex e-con-boxed e-con e-parent\" data-id=\"1fbe61f\" data-element_type=\"container\" data-e-type=\"container\">\n\t\t\t\t\t<div class=\"e-con-inner\">\n\t\t<div class=\"elementor-element elementor-element-17711fe e-con-full e-flex e-con e-child\" data-id=\"17711fe\" data-element_type=\"container\" data-e-type=\"container\">\n\t\t\t\t<div class=\"elementor-element elementor-element-3a31ec6 elementor-widget elementor-widget-heading\" data-id=\"3a31ec6\" data-element_type=\"widget\" data-e-type=\"widget\" data-widget_type=\"heading.default\">\n\t\t\t\t<div class=\"elementor-widget-container\">\n\t\t\t\t\t<h2 class=\"elementor-heading-title elementor-size-default\">Anv\u00e4ndningsomr\u00e5den f\u00f6r lasersk\u00e4rning<\/h2>\t\t\t\t<\/div>\n\t\t\t\t<\/div>\n\t\t\t\t<div class=\"elementor-element elementor-element-21ad581 elementor-widget elementor-widget-text-editor\" data-id=\"21ad581\" data-element_type=\"widget\" data-e-type=\"widget\" data-widget_type=\"text-editor.default\">\n\t\t\t\t<div class=\"elementor-widget-container\">\n\t\t\t\t\t\t\t\t\t<p><span data-contrast=\"auto\">Lasersk\u00e4rning anv\u00e4nds inom flera sektorer som st\u00e4ller h\u00f6ga krav p\u00e5 precision och h\u00e5llbarhet. Legosmide tillhandah\u00e5ller laserskurna komponenter f\u00f6r f\u00f6ljande omr\u00e5den:<\/span><span data-ccp-props=\"{&quot;134233117&quot;:false,&quot;134233118&quot;:false,&quot;335559738&quot;:240,&quot;335559739&quot;:240}\">\u00a0<\/span><\/p><ul><li data-leveltext=\"\uf0b7\" data-font=\"Symbol\" data-listid=\"1\" data-list-defn-props=\"{&quot;335552541&quot;:1,&quot;335559685&quot;:720,&quot;335559991&quot;:360,&quot;469769226&quot;:&quot;Symbol&quot;,&quot;469769242&quot;:[8226],&quot;469777803&quot;:&quot;left&quot;,&quot;469777804&quot;:&quot;\uf0b7&quot;,&quot;469777815&quot;:&quot;hybridMultilevel&quot;}\" aria-setsize=\"-1\" data-aria-posinset=\"1\" data-aria-level=\"1\"><b><span data-contrast=\"auto\">Jordbruk:<\/span><\/b><span data-contrast=\"auto\"> Vi levererar originaldelar till maskiner som \u00e4r byggda f\u00f6r att klara tuffa f\u00f6rh\u00e5llanden. Slitdelar och reservdelar kr\u00e4ver h\u00f6gkvalitativa material, och vi ser till att komponenterna uppfyller h\u00f6ga krav p\u00e5 st\u00e5lets h\u00e5rdhet och elasticitet.<\/span><span data-ccp-props=\"{&quot;134233117&quot;:false,&quot;134233118&quot;:false,&quot;335559738&quot;:240,&quot;335559739&quot;:240}\">\u00a0<br \/><br \/><\/span><\/li><\/ul><ul><li data-leveltext=\"\uf0b7\" data-font=\"Symbol\" data-listid=\"1\" data-list-defn-props=\"{&quot;335552541&quot;:1,&quot;335559685&quot;:720,&quot;335559991&quot;:360,&quot;469769226&quot;:&quot;Symbol&quot;,&quot;469769242&quot;:[8226],&quot;469777803&quot;:&quot;left&quot;,&quot;469777804&quot;:&quot;\uf0b7&quot;,&quot;469777815&quot;:&quot;hybridMultilevel&quot;}\" aria-setsize=\"-1\" data-aria-posinset=\"2\" data-aria-level=\"1\"><b><span data-contrast=\"auto\">Ingenj\u00f6rsteknik:<\/span><\/b><span data-contrast=\"auto\"> V\u00e5ra laserskurna delar bidrar till att st\u00e4rka maskiner och robotar. Vi ser till att ingen komponent blir den svaga l\u00e4nken, utan att varje del lever upp till de h\u00f6ga kvalitetsstandarder som kr\u00e4vs f\u00f6r att maskiner ska kunna prestera optimalt.<\/span><span data-ccp-props=\"{&quot;134233117&quot;:false,&quot;134233118&quot;:false,&quot;335559738&quot;:240,&quot;335559739&quot;:240}\">\u00a0<br \/><br \/><\/span><\/li><\/ul><ul><li data-leveltext=\"\uf0b7\" data-font=\"Symbol\" data-listid=\"1\" data-list-defn-props=\"{&quot;335552541&quot;:1,&quot;335559685&quot;:720,&quot;335559991&quot;:360,&quot;469769226&quot;:&quot;Symbol&quot;,&quot;469769242&quot;:[8226],&quot;469777803&quot;:&quot;left&quot;,&quot;469777804&quot;:&quot;\uf0b7&quot;,&quot;469777815&quot;:&quot;hybridMultilevel&quot;}\" aria-setsize=\"-1\" data-aria-posinset=\"3\" data-aria-level=\"1\"><b><span data-contrast=\"auto\">F\u00f6rsvarsindustrin:<\/span><\/b><span data-contrast=\"auto\"> Vi levererar laserskurna delar som uppfyller strikta krav p\u00e5 s\u00e4kerhet och h\u00e5llbarhet. Med oss f\u00e5r du en p\u00e5litlig leverant\u00f6r som garanterar h\u00f6gsta precision och tillf\u00f6rlitlighet.<br \/><\/span><span data-ccp-props=\"{&quot;134233117&quot;:false,&quot;134233118&quot;:false,&quot;335559738&quot;:240,&quot;335559739&quot;:240}\">\u00a0<\/span><\/li><\/ul><ul><li data-leveltext=\"\uf0b7\" data-font=\"Symbol\" data-listid=\"1\" data-list-defn-props=\"{&quot;335552541&quot;:1,&quot;335559685&quot;:720,&quot;335559991&quot;:360,&quot;469769226&quot;:&quot;Symbol&quot;,&quot;469769242&quot;:[8226],&quot;469777803&quot;:&quot;left&quot;,&quot;469777804&quot;:&quot;\uf0b7&quot;,&quot;469777815&quot;:&quot;hybridMultilevel&quot;}\" aria-setsize=\"-1\" data-aria-posinset=\"4\" data-aria-level=\"1\"><b><span data-contrast=\"auto\">Byggutrustning och skogsbruk:<\/span><\/b><span data-contrast=\"auto\"> F\u00f6r maskiner inom byggutrustning och skogsbruk, s\u00e5som lastmaskiner, gr\u00e4vmaskiner och sk\u00f6rdare, kr\u00e4vs komponenter som klarar extremt tuffa milj\u00f6er.<\/span><span data-ccp-props=\"{&quot;134233117&quot;:false,&quot;134233118&quot;:false,&quot;335559738&quot;:240,&quot;335559739&quot;:240}\">\u00a0<\/span><\/li><\/ul>\t\t\t\t\t\t\t\t<\/div>\n\t\t\t\t<\/div>\n\t\t\t\t<\/div>\n\t\t\t\t\t<\/div>\n\t\t\t\t<\/div>\n\t\t<div class=\"elementor-element elementor-element-db0cfe4 e-flex e-con-boxed e-con e-parent\" data-id=\"db0cfe4\" data-element_type=\"container\" data-e-type=\"container\">\n\t\t\t\t\t<div class=\"e-con-inner\">\n\t\t\t\t<div class=\"elementor-element elementor-element-1359e7c elementor-widget elementor-widget-heading\" data-id=\"1359e7c\" data-element_type=\"widget\" data-e-type=\"widget\" data-widget_type=\"heading.default\">\n\t\t\t\t<div class=\"elementor-widget-container\">\n\t\t\t\t\t<h2 class=\"elementor-heading-title elementor-size-default\">F\u00f6rdelar med lasersk\u00e4rning <\/h2>\t\t\t\t<\/div>\n\t\t\t\t<\/div>\n\t\t\t\t<div class=\"elementor-element elementor-element-fa83851 elementor-widget elementor-widget-text-editor\" data-id=\"fa83851\" data-element_type=\"widget\" data-e-type=\"widget\" data-widget_type=\"text-editor.default\">\n\t\t\t\t<div class=\"elementor-widget-container\">\n\t\t\t\t\t\t\t\t\t<p><span class=\"TextRun SCXW36557053 BCX8\" lang=\"SV-SE\" xml:lang=\"SV-SE\" data-contrast=\"auto\"><span class=\"NormalTextRun SCXW36557053 BCX8\">Lasersk\u00e4rning har flera f\u00f6rdelar j\u00e4mf\u00f6rt med traditionella sk\u00e4rmetoder. Den st\u00f6rsta f\u00f6rdelen \u00e4r dess precision \u2013 lasersk\u00e4rning kan hantera \u00e4ven de mest detaljerade designkraven med stor noggrannhet. Tekniken \u00e4r ocks\u00e5 kontaktl\u00f6s, vilket eliminerar risken f\u00f6r att materialet skadas eller deformeras under processen. Den snabba bearbetningen g\u00f6r lasersk\u00e4rning kostnadseffektiv, s\u00e4rskilt f\u00f6r serietillverkning, d\u00e4r b\u00e5de tid och kvalitet \u00e4r avg\u00f6rande faktorer.<\/span><\/span><span class=\"EOP SCXW36557053 BCX8\" data-ccp-props=\"{&quot;134233117&quot;:false,&quot;134233118&quot;:false,&quot;335559738&quot;:240,&quot;335559739&quot;:240}\">\u00a0<\/span><\/p>\t\t\t\t\t\t\t\t<\/div>\n\t\t\t\t<\/div>\n\t\t\t\t\t<\/div>\n\t\t\t\t<\/div>\n\t\t<div class=\"elementor-element elementor-element-1bcc1b4 e-flex e-con-boxed e-con e-parent\" data-id=\"1bcc1b4\" data-element_type=\"container\" data-e-type=\"container\">\n\t\t\t\t\t<div class=\"e-con-inner\">\n\t\t\t\t<div class=\"elementor-element elementor-element-aea421e elementor-widget-divider--view-line elementor-widget elementor-widget-divider\" data-id=\"aea421e\" data-element_type=\"widget\" data-e-type=\"widget\" data-widget_type=\"divider.default\">\n\t\t\t\t<div class=\"elementor-widget-container\">\n\t\t\t\t\t\t\t<div class=\"elementor-divider\">\n\t\t\t<span class=\"elementor-divider-separator\">\n\t\t\t\t\t\t<\/span>\n\t\t<\/div>\n\t\t\t\t\t\t<\/div>\n\t\t\t\t<\/div>\n\t\t\t\t\t<\/div>\n\t\t\t\t<\/div>\n\t\t<div class=\"elementor-element elementor-element-b8ec2ef e-flex e-con-boxed e-con e-parent\" data-id=\"b8ec2ef\" data-element_type=\"container\" data-e-type=\"container\">\n\t\t\t\t\t<div class=\"e-con-inner\">\n\t\t\t\t<div class=\"elementor-element elementor-element-39bacbd elementor-widget elementor-widget-text-editor\" data-id=\"39bacbd\" data-element_type=\"widget\" data-e-type=\"widget\" data-widget_type=\"text-editor.default\">\n\t\t\t\t<div class=\"elementor-widget-container\">\n\t\t\t\t\t\t\t\t\t<h2><strong>Kontakta Legosmide f\u00f6r lasersk\u00e4rning i \u00d6rebro<\/strong><\/h2><p><span class=\"TextRun SCXW157603273 BCX8\" lang=\"SV-SE\" xml:lang=\"SV-SE\" data-contrast=\"auto\"><span class=\"NormalTextRun SCXW157603273 BCX8\">Beh\u00f6ver du h\u00f6gkvalitativa <\/span><span class=\"NormalTextRun SpellingErrorV2Themed SCXW157603273 BCX8\">laserskurna<\/span><span class=\"NormalTextRun SCXW157603273 BCX8\"> delar till ditt projekt? Legosmide \u00e4r din p\u00e5litliga partner.<br \/>Vi erbjuder skr\u00e4ddarsydda l\u00f6sningar f\u00f6r olika industrier och ser till att dina behov uppfylls med st\u00f6rsta noggrannhet och precision. <br \/><br \/>Kontakta oss idag via e-post p\u00e5 <\/span><\/span><a class=\"Hyperlink SCXW157603273 BCX8\" href=\"mailto:info@legosmide.se\" target=\"_blank\" rel=\"noreferrer noopener\"><span class=\"TextRun Underlined SCXW157603273 BCX8\" lang=\"SV-SE\" xml:lang=\"SV-SE\" data-contrast=\"none\"><span class=\"NormalTextRun SCXW157603273 BCX8\" data-ccp-charstyle=\"Hyperlink\">info<\/span><span class=\"NormalTextRun SCXW157603273 BCX8\" data-ccp-charstyle=\"Hyperlink\">@legosmide.se<\/span><\/span><\/a><span class=\"TextRun SCXW157603273 BCX8\" lang=\"SV-SE\" xml:lang=\"SV-SE\" data-contrast=\"auto\"> <span class=\"NormalTextRun SCXW157603273 BCX8\">eller fyll i formul\u00e4ret p\u00e5 v\u00e5r webbplats f\u00f6r att diskutera hur vi kan hj\u00e4lpa dig med dina lasersk\u00e4rningsbehov.<\/span><\/span><span class=\"EOP SCXW157603273 BCX8\" data-ccp-props=\"{&quot;134233117&quot;:false,&quot;134233118&quot;:false,&quot;335559738&quot;:240,&quot;335559739&quot;:240}\">\u00a0<\/span><\/p>\t\t\t\t\t\t\t\t<\/div>\n\t\t\t\t<\/div>\n\t\t\t\t\t<\/div>\n\t\t\t\t<\/div>\n\t\t<div class=\"elementor-element elementor-element-9ab9475 e-flex e-con-boxed e-con e-parent\" data-id=\"9ab9475\" data-element_type=\"container\" data-e-type=\"container\">\n\t\t\t\t\t<div class=\"e-con-inner\">\n\t\t\t\t<div class=\"elementor-element elementor-element-feb796d elementor-widget-tablet__width-inherit elementor-button-align-stretch elementor-widget elementor-widget-form\" data-id=\"feb796d\" data-element_type=\"widget\" data-e-type=\"widget\" data-settings=\"{&quot;step_next_label&quot;:&quot;Next&quot;,&quot;step_previous_label&quot;:&quot;Previous&quot;,&quot;button_width&quot;:&quot;100&quot;,&quot;step_type&quot;:&quot;number_text&quot;,&quot;step_icon_shape&quot;:&quot;circle&quot;}\" data-widget_type=\"form.default\">\n\t\t\t\t<div class=\"elementor-widget-container\">\n\t\t\t\t\t\t\t<form class=\"elementor-form\" method=\"post\" name=\"WorkShop\" aria-label=\"WorkShop\">\n\t\t\t<input type=\"hidden\" name=\"post_id\" value=\"1164\"\/>\n\t\t\t<input type=\"hidden\" name=\"form_id\" value=\"feb796d\"\/>\n\t\t\t<input type=\"hidden\" name=\"referer_title\" value=\"Lasersk\u00e4rning i \u00d6rebro \u2013 Precisionssk\u00e4rning f\u00f6r industrin\" \/>\n\n\t\t\t\t\t\t\t<input type=\"hidden\" name=\"queried_id\" value=\"1164\"\/>\n\t\t\t\n\t\t\t<div class=\"elementor-form-fields-wrapper elementor-labels-\">\n\t\t\t\t\t\t\t\t<div class=\"elementor-field-type-text elementor-field-group elementor-column elementor-field-group-name elementor-col-100\">\n\t\t\t\t\t\t\t\t\t\t\t\t<label for=\"form-field-name\" class=\"elementor-field-label elementor-screen-only\">\n\t\t\t\t\t\t\t\tName\t\t\t\t\t\t\t<\/label>\n\t\t\t\t\t\t\t\t\t\t\t\t\t\t<input size=\"1\" type=\"text\" name=\"form_fields[name]\" id=\"form-field-name\" class=\"elementor-field elementor-size-lg  elementor-field-textual\" placeholder=\"Namn\">\n\t\t\t\t\t\t\t\t\t\t\t<\/div>\n\t\t\t\t\t\t\t\t<div class=\"elementor-field-type-email elementor-field-group elementor-column elementor-field-group-email elementor-col-100 elementor-field-required\">\n\t\t\t\t\t\t\t\t\t\t\t\t<label for=\"form-field-email\" class=\"elementor-field-label elementor-screen-only\">\n\t\t\t\t\t\t\t\tE-post\t\t\t\t\t\t\t<\/label>\n\t\t\t\t\t\t\t\t\t\t\t\t\t\t<input size=\"1\" type=\"email\" name=\"form_fields[email]\" id=\"form-field-email\" class=\"elementor-field elementor-size-lg  elementor-field-textual\" placeholder=\"E-post\" required=\"required\">\n\t\t\t\t\t\t\t\t\t\t\t<\/div>\n\t\t\t\t\t\t\t\t<div class=\"elementor-field-type-textarea elementor-field-group elementor-column elementor-field-group-field_b5ce36f elementor-col-100\">\n\t\t\t\t\t\t\t\t\t\t\t\t<label for=\"form-field-field_b5ce36f\" class=\"elementor-field-label elementor-screen-only\">\n\t\t\t\t\t\t\t\tYour message\t\t\t\t\t\t\t<\/label>\n\t\t\t\t\t\t<textarea class=\"elementor-field-textual elementor-field  elementor-size-lg\" name=\"form_fields[field_b5ce36f]\" id=\"form-field-field_b5ce36f\" rows=\"10\" placeholder=\"Ditt meddelande\"><\/textarea>\t\t\t\t<\/div>\n\t\t\t\t\t\t\t\t<div class=\"elementor-field-group elementor-column elementor-field-type-submit elementor-col-100 e-form__buttons\">\n\t\t\t\t\t<button class=\"elementor-button elementor-size-md elementor-animation-grow\" type=\"submit\">\n\t\t\t\t\t\t<span class=\"elementor-button-content-wrapper\">\n\t\t\t\t\t\t\t\t\t\t\t\t\t\t\t\t\t\t\t\t\t\t<span class=\"elementor-button-text\">Skicka<\/span>\n\t\t\t\t\t\t\t\t\t\t\t\t\t<\/span>\n\t\t\t\t\t<\/button>\n\t\t\t\t<\/div>\n\t\t\t<\/div>\n\t\t<\/form>\n\t\t\t\t\t\t<\/div>\n\t\t\t\t<\/div>\n\t\t\t\t\t<\/div>\n\t\t\t\t<\/div>\n\t\t\t\t<\/div>\n\t\t","protected":false},"excerpt":{"rendered":"<p>Lasersk\u00e4rning i \u00d6rebro: Precisionsl\u00f6sningar f\u00f6r dina behov Lasersk\u00e4rning \u00e4r en metod som anv\u00e4nder h\u00f6gfokuserade lasrar f\u00f6r att sk\u00e4ra genom olika material, s\u00e4rskilt metaller som st\u00e5l och aluminium. Denna teknik m\u00f6jligg\u00f6r exakta snitt och minimal efterbehandling, vilket \u00e4r f\u00f6rdelaktigt f\u00f6r tillverkning av komponenter som kr\u00e4ver h\u00f6g noggrannhet. Med lasersk\u00e4rning kan komplexa former och detaljer skapas, vilket [&hellip;]<\/p>\n","protected":false},"author":5,"featured_media":0,"parent":0,"menu_order":0,"comment_status":"closed","ping_status":"closed","template":"","meta":{"footnotes":""},"class_list":["post-1164","page","type-page","status-publish","hentry"],"_links":{"self":[{"href":"https:\/\/legosmide.se\/en\/wp-json\/wp\/v2\/pages\/1164","targetHints":{"allow":["GET"]}}],"collection":[{"href":"https:\/\/legosmide.se\/en\/wp-json\/wp\/v2\/pages"}],"about":[{"href":"https:\/\/legosmide.se\/en\/wp-json\/wp\/v2\/types\/page"}],"author":[{"embeddable":true,"href":"https:\/\/legosmide.se\/en\/wp-json\/wp\/v2\/users\/5"}],"replies":[{"embeddable":true,"href":"https:\/\/legosmide.se\/en\/wp-json\/wp\/v2\/comments?post=1164"}],"version-history":[{"count":4,"href":"https:\/\/legosmide.se\/en\/wp-json\/wp\/v2\/pages\/1164\/revisions"}],"predecessor-version":[{"id":1169,"href":"https:\/\/legosmide.se\/en\/wp-json\/wp\/v2\/pages\/1164\/revisions\/1169"}],"wp:attachment":[{"href":"https:\/\/legosmide.se\/en\/wp-json\/wp\/v2\/media?parent=1164"}],"curies":[{"name":"wp","href":"https:\/\/api.w.org\/{rel}","templated":true}]}}